
{"id":2117,"date":"2017-10-20T12:09:33","date_gmt":"2017-10-20T11:09:33","guid":{"rendered":"https:\/\/activ1.be\/fr\/?page_id=2117"},"modified":"2026-03-21T12:53:30","modified_gmt":"2026-03-21T11:53:30","slug":"reserveer-uw-feestje","status":"publish","type":"page","link":"https:\/\/activ1.be\/fr\/reserveer-uw-feestje\/","title":{"rendered":"Reserveer feestje"},"content":{"rendered":"<p>[vc_row sbxs_bg_class=\u00a0\u00bbbg-light\u00a0\u00bb sbxs_headings_class=\u00a0\u00bbheadings-secondary\u00a0\u00bb sbxs_text_class=\u00a0\u00bbtext-dark\u00a0\u00bb css=\u00a0\u00bb.vc_custom_1508500421134{padding-top: 160px !important;padding-bottom: 50px !important;}\u00a0\u00bb][vc_column][vc_column_text]<\/p>\n<h2 style=\"text-align: center;\">R\u00e9serv\u00e9z<\/h2>\n<p style=\"text-align: center;\">R\u00e9servez\u00a0 votre f\u00eate d&rsquo;anniversaire (jusqu&rsquo;a 12 ans)<\/p>\n<p>[\/vc_column_text][\/vc_column][\/vc_row][vc_row content_placement=\u00a0\u00bbmiddle\u00a0\u00bb sbxs_bg_class=\u00a0\u00bbbg-white\u00a0\u00bb sbxs_headings_class=\u00a0\u00bbheadings-secondary\u00a0\u00bb sbxs_text_class=\u00a0\u00bbtext-dark\u00a0\u00bb css=\u00a0\u00bb.vc_custom_1508500785503{padding-top: 80px !important;padding-bottom: 80px !important;}\u00a0\u00bb][vc_column width=\u00a0\u00bb1\/2&Prime;][vc_column_text]<\/p>\n<h2>Reservations<\/h2>\n<p>[\/vc_column_text][vc_column_text css=\u00a0\u00bb.vc_custom_1774093989590{padding-bottom: 5px !important;}\u00a0\u00bb]Pour tous vos r\u00e9servations, veuillez nous contacter par t\u00e9l\u00e9phone.<br \/>\nVos autres questions seront r\u00e9pondues le plus t\u00f4t possible par e-mail[\/vc_column_text][\/vc_column][vc_column width=\u00a0\u00bb1\/2&Prime;][vc_column_text]<div class='fluentform ff-default fluentform_wrapper_6 ffs_default_wrap'><form data-form_id=\"6\" id=\"fluentform_6\" class=\"frm-fluent-form fluent_form_6 ff-el-form-top ff_form_instance_6_1 ff-form-loading ff_has_v3_recptcha ffs_default\" data-form_instance=\"ff_form_instance_6_1\" method=\"POST\" data-recptcha_key=\"6LehKM0sAAAAAGEEB7lO80AK8EkeF2Mb1fUgpPPy\" ><fieldset  style=\"border: none!important;margin: 0!important;padding: 0!important;background-color: transparent!important;box-shadow: none!important;outline: none!important; min-inline-size: 100%;\">\n                    <legend class=\"ff_screen_reader_title\" style=\"display: block; margin: 0!important;padding: 0!important;height: 0!important;text-indent: -999999px;width: 0!important;overflow:hidden;\">Formulaire de R\u00e9servation FR<\/legend><input type='hidden' name='__fluent_form_embded_post_id' value='2117' \/><input type=\"hidden\" id=\"_fluentform_6_fluentformnonce\" name=\"_fluentform_6_fluentformnonce\" value=\"168e93be79\" \/><input type=\"hidden\" name=\"_wp_http_referer\" value=\"\/fr\/wp-json\/wp\/v2\/pages\/2117\" \/><div data-type=\"name-element\" data-name=\"names\" class=\" ff-field_container ff-name-field-wrapper\" ><div class='ff-t-container'><div class='ff-t-cell '><div class='ff-el-group ff-el-form-top'><div class=\"ff-el-input--label ff-el-is-required asterisk-right\"><label for='ff_6_names_first_name_' id='label_ff_6_names_first_name_' >Nom et pr\u00e9nom<\/label><\/div><div class='ff-el-input--content'><input type=\"text\" name=\"names[first_name]\" id=\"ff_6_names_first_name_\" class=\"ff-el-form-control\" placeholder=\"Entrez votre nom et pr\u00e9nom\" aria-invalid=\"false\" aria-required=true><\/div><\/div><\/div><\/div><\/div><div class='ff-el-group'><div class=\"ff-el-input--label ff-el-is-required asterisk-right\"><label for='ff_6_email' id='label_ff_6_email' aria-label=\"Email\">Email<\/label><\/div><div class='ff-el-input--content'><input type=\"email\" name=\"email\" id=\"ff_6_email\" class=\"ff-el-form-control\" placeholder=\"Email\" data-name=\"email\"  aria-invalid=\"false\" aria-required=true><\/div><\/div><div class='ff-el-group'><div class=\"ff-el-input--label ff-el-is-required asterisk-right\"><label for='ff_6_numeric_field' id='label_ff_6_numeric_field' aria-label=\"Num\u00e9ro de t\u00e9l\u00e9phone\">Num\u00e9ro de t\u00e9l\u00e9phone<\/label><\/div><div class='ff-el-input--content'><input type=\"number\" name=\"numeric_field\" id=\"ff_6_numeric_field\" class=\"ff-el-form-control\" placeholder=\"Votre num\u00e9ro de t\u00e9l\u00e9phone ou GSM\" data-name=\"numeric_field\" inputmode=\"numeric\" step=\"any\"  aria-invalid=\"false\" aria-required=true><\/div><\/div><div class='ff-el-group'><div class=\"ff-el-input--label ff-el-is-required asterisk-right\"><label for='ff_6_datetime' id='label_ff_6_datetime' aria-label=\"Date de la f\u00eate\">Date de la f\u00eate<\/label><\/div><div class='ff-el-input--content'><input  aria-label='Date de la f\u00eate Use arrow keys to navigate dates. Press enter to select a date.'  aria-haspopup='dialog' data-type-datepicker data-format='d\/m\/Y' type=\"text\" name=\"datetime\" id=\"ff_6_datetime\" class=\"ff-el-form-control ff-el-datepicker\" placeholder=\"Date de la f\u00eate d&#039;anniversaire\" data-name=\"datetime\"  aria-invalid='false' aria-required=true><\/div><\/div><div class='ff-el-group'><div class=\"ff-el-input--label ff-el-is-required asterisk-right\"><label for='ff_6_input_text' id='label_ff_6_input_text' aria-label=\"Heure d&#039;arriv\u00e9e\">Heure d'arriv\u00e9e<\/label><\/div><div class='ff-el-input--content'><input type=\"text\" name=\"input_text\" class=\"ff-el-form-control\" placeholder=\"Votre heure d&#039;arriv\u00e9e\" data-name=\"input_text\" id=\"ff_6_input_text\"  aria-invalid=\"false\" aria-required=true><\/div><\/div><div class='ff-el-group'><div class=\"ff-el-input--label ff-el-is-required asterisk-right\"><label for='ff_6_input_text_1' id='label_ff_6_input_text_1' aria-label=\"Nombre d&#039;enfants\">Nombre d'enfants<\/label><\/div><div class='ff-el-input--content'><input type=\"text\" name=\"input_text_1\" class=\"ff-el-form-control\" placeholder=\"Nombre d&#039;enfants pr\u00e9sents\" data-name=\"input_text_1\" id=\"ff_6_input_text_1\"  aria-invalid=\"false\" aria-required=true><\/div><\/div><div class='ff-el-group'><div class=\"ff-el-input--label ff-el-is-required asterisk-right\"><label for='ff_6_input_text_2' id='label_ff_6_input_text_2' aria-label=\"Pr\u00e9nom de l&#039;enfant qui f\u00eate son anniversaire\">Pr\u00e9nom de l'enfant qui f\u00eate son anniversaire<\/label><\/div><div class='ff-el-input--content'><input type=\"text\" name=\"input_text_2\" class=\"ff-el-form-control\" placeholder=\"Entre le pr\u00e9nom ici\" data-name=\"input_text_2\" id=\"ff_6_input_text_2\"  aria-invalid=\"false\" aria-required=true><\/div><\/div><div class='ff-el-group'><div class=\"ff-el-input--label ff-el-is-required asterisk-right\"><label for='ff_6_input_text_3' id='label_ff_6_input_text_3' aria-label=\"\u00c2ge de l&#039;enfant qui f\u00eate son anniversaire\">\u00c2ge de l'enfant qui f\u00eate son anniversaire<\/label><\/div><div class='ff-el-input--content'><input type=\"text\" name=\"input_text_3\" class=\"ff-el-form-control\" placeholder=\"Entrez l&#039;\u00e2ge de l&#039;enfant ici\" data-name=\"input_text_3\" id=\"ff_6_input_text_3\"  aria-invalid=\"false\" aria-required=true><\/div><\/div><div class='ff-el-group'><div class=\"ff-el-input--label ff-el-is-required asterisk-right\"><label for='ff_6_dropdown' id='label_ff_6_dropdown' aria-label=\"Type de formule souhait\u00e9e\">Type de formule souhait\u00e9e<\/label><\/div><div class='ff-el-input--content'><select name=\"dropdown\" id=\"ff_6_dropdown\" class=\"ff-el-form-control\" data-name=\"dropdown\" data-calc_value=\"0\"  aria-invalid=\"false\" aria-required=\"true\" aria-labelledby=\"label_ff_6_dropdown\"><option value=\"\">Choisissez<\/option><option value=\"F\u00eate d\u2019anniversaire 1 (13,50\u20ac par enfant)\"  >F\u00eate d\u2019anniversaire 1 (13,50\u20ac par enfant)<\/option><option value=\"F\u00eate d\u2019anniversaire 2 (14,50\u20ac par enfant)\"  >F\u00eate d\u2019anniversaire 2 (14,50\u20ac par enfant)<\/option><option value=\"F\u00eate d\u2019anniversaire 3 (17,50\u20ac par enfant)\"  >F\u00eate d\u2019anniversaire 3 (17,50\u20ac par enfant)<\/option><option value=\"F\u00eate d\u2019anniversaire 4  (18,50\u20ac par enfant)\"  >F\u00eate d\u2019anniversaire 4  (18,50\u20ac par enfant)<\/option><\/select><\/div><\/div><div class='ff-el-group'><div class=\"ff-el-input--label asterisk-right\"><label for='ff_6_description' id='label_ff_6_description' aria-label=\"Message\">Message<\/label><\/div><div class='ff-el-input--content'><textarea aria-required=\"false\" aria-labelledby=\"label_ff_6_description\" name=\"description\" id=\"ff_6_description\" class=\"ff-el-form-control\" placeholder=\"Entrez votre message \u00e9ici...\" rows=\"4\" cols=\"2\" data-name=\"description\" ><\/textarea><\/div><\/div><div class='ff-el-group    ff-el-input--content'><div class='ff-el-form-check ff-el-tc'><label aria-label='Terms and Conditions: J&#039;accepte le traitement de mes donn\u00e9es personnelles conform\u00e9ment \u00e0 la politique de confidentialit\u00e9 en vue d&#039;un suivi appropri\u00e9 Contains 1 link. Use tab navigation to review.' class='ff-el-form-check-label ff_tc_label' for=gdpr-agreement_0fee0ba27bf4782222a9b136aef5fec4><span class='ff_tc_checkbox'><input type=\"checkbox\" name=\"gdpr-agreement\" class=\"ff-el-form-check-input ff_gdpr_field\" data-name=\"gdpr-agreement\" id=\"gdpr-agreement_0fee0ba27bf4782222a9b136aef5fec4\"  value='on' aria-invalid='false' aria-required=true><\/span> <div class='ff_t_c'>J'accepte le traitement de mes donn\u00e9es personnelles conform\u00e9ment \u00e0 la <a href=\"https:\/\/activ1.be\/privacy-policy\/\" target=\"_blank\" rel=\"noopener\">politique de confidentialit\u00e9<\/a> en vue d'un suivi appropri\u00e9<\/div><\/label><\/div><\/div><div class='ff-el-group ff-text-left ff_submit_btn_wrapper'><button type=\"submit\" class=\"ff-btn ff-btn-submit ff-btn-md ff_btn_style\"  aria-label=\"Envoyer\">Envoyer<\/button><\/div><\/fieldset><\/form><div id='fluentform_6_errors' class='ff-errors-in-stack ff_form_instance_6_1 ff-form-loading_errors ff_form_instance_6_1_errors'><\/div><\/div>            <script type=\"text\/javascript\">\n                window.fluent_form_ff_form_instance_6_1 = {\"id\":\"6\",\"ajaxUrl\":\"https:\\\/\\\/activ1.be\\\/wp-admin\\\/admin-ajax.php\",\"settings\":{\"layout\":{\"labelPlacement\":\"top\",\"asteriskPlacement\":\"asterisk-right\",\"helpMessagePlacement\":\"with_label\",\"errorMessagePlacement\":\"inline\",\"cssClassName\":\"\"},\"restrictions\":{\"denyEmptySubmission\":{\"enabled\":false}}},\"form_instance\":\"ff_form_instance_6_1\",\"form_id_selector\":\"fluentform_6\",\"rules\":{\"names[first_name]\":{\"required\":{\"value\":true,\"message\":\"Ce champ est obligatoire\",\"global_message\":\"Ce champ est obligatoire\",\"global\":true}},\"names[middle_name]\":{\"required\":{\"value\":false,\"message\":\"Ce champ est obligatoire\",\"global_message\":\"Ce champ est obligatoire\",\"global\":true}},\"names[last_name]\":{\"required\":{\"value\":true,\"message\":\"Ce champ est obligatoire\",\"global_message\":\"Ce champ est obligatoire\",\"global\":true}},\"email\":{\"required\":{\"value\":true,\"message\":\"Ce champ est obligatoire\",\"global_message\":\"Ce champ est obligatoire\",\"global\":true},\"email\":{\"value\":true,\"message\":\"Ce champ doit contenir un e-mail valide\",\"global_message\":\"Ce champ doit contenir un e-mail valide\",\"global\":true}},\"numeric_field\":{\"required\":{\"value\":true,\"message\":\"Ce champ est obligatoire\",\"global_message\":\"Ce champ est obligatoire\",\"global\":true},\"numeric\":{\"value\":true,\"message\":\"Ce champ doit contenir une valeur num\\u00e9rique\",\"global_message\":\"Ce champ doit contenir une valeur num\\u00e9rique\",\"global\":true},\"min\":{\"value\":\"\",\"message\":\"\\u00c9chec de la validation pour la valeur minimale\",\"global_message\":\"\\u00c9chec de la validation pour la valeur minimale\",\"global\":true},\"max\":{\"value\":\"\",\"message\":\"\\u00c9chec de la validation pour la valeur maximale\",\"global_message\":\"\\u00c9chec de la validation pour la valeur maximale\",\"global\":true},\"digits\":{\"value\":\"\",\"message\":\"La validation \\u00e9choue pour un nombre limit\\u00e9 de chiffres\",\"global_message\":\"La validation \\u00e9choue pour un nombre limit\\u00e9 de chiffres\",\"global\":true}},\"datetime\":{\"required\":{\"value\":true,\"message\":\"Ce champ est obligatoire\",\"global_message\":\"Ce champ est obligatoire\",\"global\":true}},\"input_text\":{\"required\":{\"value\":true,\"message\":\"Ce champ est obligatoire\",\"global_message\":\"Ce champ est obligatoire\",\"global\":true}},\"input_text_1\":{\"required\":{\"value\":true,\"message\":\"Ce champ est obligatoire\",\"global_message\":\"Ce champ est obligatoire\",\"global\":true}},\"input_text_2\":{\"required\":{\"value\":true,\"message\":\"Ce champ est obligatoire\",\"global_message\":\"Ce champ est obligatoire\",\"global\":true}},\"input_text_3\":{\"required\":{\"value\":true,\"message\":\"Ce champ est obligatoire\",\"global_message\":\"Ce champ est obligatoire\",\"global\":true}},\"dropdown\":{\"required\":{\"value\":true,\"message\":\"Ce champ est obligatoire\",\"global_message\":\"Ce champ est obligatoire\",\"global\":true}},\"description\":{\"required\":{\"value\":false,\"message\":\"Ce champ est obligatoire\",\"global_message\":\"Ce champ est obligatoire\",\"global\":true}},\"gdpr-agreement\":{\"required\":{\"value\":true,\"message\":\"Ce champ est obligatoire\",\"global_message\":\"Ce champ est obligatoire\",\"global\":true}},\"g-recaptcha-response\":[]},\"debounce_time\":300};\n                            <\/script>\n            [\/vc_column_text][\/vc_column][\/vc_row]<\/p>\n","protected":false},"excerpt":{"rendered":"<p>[vc_row sbxs_bg_class=\u00a0\u00bbbg-light\u00a0\u00bb sbxs_headings_class=\u00a0\u00bbheadings-secondary\u00a0\u00bb sbxs_text_class=\u00a0\u00bbtext-dark\u00a0\u00bb css=\u00a0\u00bb.vc_custom_1508500421134{padding-top: 160px !important;padding-bottom: 50px !important;}\u00a0\u00bb][vc_column][vc_column_text] R\u00e9serv\u00e9z R\u00e9servez\u00a0 votre f\u00eate d&rsquo;anniversaire (jusqu&rsquo;a 12 ans) [\/vc_column_text][\/vc_column][\/vc_row][vc_row content_placement=\u00a0\u00bbmiddle\u00a0\u00bb sbxs_bg_class=\u00a0\u00bbbg-white\u00a0\u00bb sbxs_headings_class=\u00a0\u00bbheadings-secondary\u00a0\u00bb sbxs_text_class=\u00a0\u00bbtext-dark\u00a0\u00bb css=\u00a0\u00bb.vc_custom_1508500785503{padding-top: 80px !important;padding-bottom: 80px !important;}\u00a0\u00bb][vc_column width=\u00a0\u00bb1\/2&Prime;][vc_column_text] Reservations [\/vc_column_text][vc_column_text css=\u00a0\u00bb.vc_custom_1774093989590{padding-bottom: 5px !important;}\u00a0\u00bb]Pour tous vos r\u00e9servations, veuillez nous contacter par t\u00e9l\u00e9phone. Vos autres questions seront r\u00e9pondues le plus t\u00f4t possible par e-mail[\/vc_column_text][\/vc_column][vc_column width=\u00a0\u00bb1\/2&Prime;][vc_column_text][\/vc_column_text][\/vc_column][\/vc_row]<\/p>\n","protected":false},"author":4,"featured_media":0,"parent":0,"menu_order":0,"comment_status":"closed","ping_status":"closed","template":"","meta":{"_acf_changed":false,"footnotes":""},"class_list":["post-2117","page","type-page","status-publish","hentry"],"acf":[],"_links":{"self":[{"href":"https:\/\/activ1.be\/fr\/wp-json\/wp\/v2\/pages\/2117","targetHints":{"allow":["GET"]}}],"collection":[{"href":"https:\/\/activ1.be\/fr\/wp-json\/wp\/v2\/pages"}],"about":[{"href":"https:\/\/activ1.be\/fr\/wp-json\/wp\/v2\/types\/page"}],"author":[{"embeddable":true,"href":"https:\/\/activ1.be\/fr\/wp-json\/wp\/v2\/users\/4"}],"replies":[{"embeddable":true,"href":"https:\/\/activ1.be\/fr\/wp-json\/wp\/v2\/comments?post=2117"}],"version-history":[{"count":10,"href":"https:\/\/activ1.be\/fr\/wp-json\/wp\/v2\/pages\/2117\/revisions"}],"predecessor-version":[{"id":12534,"href":"https:\/\/activ1.be\/fr\/wp-json\/wp\/v2\/pages\/2117\/revisions\/12534"}],"wp:attachment":[{"href":"https:\/\/activ1.be\/fr\/wp-json\/wp\/v2\/media?parent=2117"}],"curies":[{"name":"wp","href":"https:\/\/api.w.org\/{rel}","templated":true}]}}