
{"id":1546,"date":"2017-02-20T13:28:14","date_gmt":"2017-02-20T12:28:14","guid":{"rendered":"https:\/\/activ1.be\/fr\/tarieven\/"},"modified":"2026-03-21T12:54:18","modified_gmt":"2026-03-21T11:54:18","slug":"tarifs","status":"publish","type":"page","link":"https:\/\/activ1.be\/fr\/tarifs\/","title":{"rendered":"Tarieven"},"content":{"rendered":"<p>[vc_row full_width=\u00a0\u00bbstretch_row\u00a0\u00bb sbxs_bg_class=\u00a0\u00bbbg-light\u00a0\u00bb sbxs_headings_class=\u00a0\u00bbheadings-secondary\u00a0\u00bb sbxs_text_class=\u00a0\u00bbtext-dark\u00a0\u00bb css=\u00a0\u00bb.vc_custom_1487596665299{padding-top: 160px !important;padding-bottom: 50px !important;}\u00a0\u00bb][vc_column][vc_column_text]<\/p>\n<h2 style=\"text-align: center;\">Tarifs<\/h2>\n<p style=\"text-align: center;\">Ici vous trouvez nos tarifs,<\/p>\n<p style=\"text-align: center;\">Si vous avez des questions ou vous souhaitez organiser une f\u00eate?<\/p>\n<p>[\/vc_column_text]\t\t\t<p class=\" text-center button-p-wrap \">\n\t\t\t\t<a href=\"\/fr\/contact\/\" class=\"button   \" target=\"\">Contactez-nous<\/a>\t\n\t\t\t<\/p>\n\t\t\t[\/vc_column][\/vc_row][vc_row content_placement=\u00a0\u00bbtop\u00a0\u00bb sbxs_headings_class=\u00a0\u00bbheadings-secondary\u00a0\u00bb sbxs_text_class=\u00a0\u00bbtext-dark\u00a0\u00bb css=\u00a0\u00bb.vc_custom_1487598736046{margin-top: 30px !important;margin-bottom: 30px !important;}\u00a0\u00bb][vc_column width=\u00a0\u00bb1\/2&Prime;][vc_column_text]<\/p>\n<h2>Squash<\/h2>\n<p>[\/vc_column_text]\t\t\t\n\t\t\t\t<table class=\"table\">\n\t\t\t\t\t\t\t\t\t\t\t<tr>\n\t\t\t\t\t\t\t<td>\n\t\t\t\t\t\t\t\t<b>30min squash avant 18h<\/b>\n\t\t\t\t\t\t\t\t<small><\/small>\n\t\t\t\t\t\t\t<\/td>\n\t\t\t\t\t\t\t<td class=\"text-right\">\n\t\t\t\t\t\t\t\t<b>\u20ac 6,00 par court<\/b>\n\t\t\t\t\t\t\t<\/td>\n\t\t\t\t\t\t<\/tr>\n\t\t\t\t\t\t\t\t\t\t\t<tr>\n\t\t\t\t\t\t\t<td>\n\t\t\t\t\t\t\t\t<b>30min squash apr\u00e8s 18h<\/b>\n\t\t\t\t\t\t\t\t<small><\/small>\n\t\t\t\t\t\t\t<\/td>\n\t\t\t\t\t\t\t<td class=\"text-right\">\n\t\t\t\t\t\t\t\t<b>\u20ac 7,50 par court<\/b>\n\t\t\t\t\t\t\t<\/td>\n\t\t\t\t\t\t<\/tr>\n\t\t\t\t\t\t\t\t\t\t\t<tr>\n\t\t\t\t\t\t\t<td>\n\t\t\t\t\t\t\t\t<b>carte 10 s\u00e9ances avant 18h<\/b>\n\t\t\t\t\t\t\t\t<small><\/small>\n\t\t\t\t\t\t\t<\/td>\n\t\t\t\t\t\t\t<td class=\"text-right\">\n\t\t\t\t\t\t\t\t<b>\u20ac 55,00<\/b>\n\t\t\t\t\t\t\t<\/td>\n\t\t\t\t\t\t<\/tr>\n\t\t\t\t\t\t\t\t\t\t\t<tr>\n\t\t\t\t\t\t\t<td>\n\t\t\t\t\t\t\t\t<b>carte 10 s\u00e9ances apr\u00e8s 18h<\/b>\n\t\t\t\t\t\t\t\t<small><\/small>\n\t\t\t\t\t\t\t<\/td>\n\t\t\t\t\t\t\t<td class=\"text-right\">\n\t\t\t\t\t\t\t\t<b>\u20ac 70,00<\/b>\n\t\t\t\t\t\t\t<\/td>\n\t\t\t\t\t\t<\/tr>\n\t\t\t\t\t\t\t\t\t\t\t<tr>\n\t\t\t\t\t\t\t<td>\n\t\t\t\t\t\t\t\t<b>Location raquette<\/b>\n\t\t\t\t\t\t\t\t<small><\/small>\n\t\t\t\t\t\t\t<\/td>\n\t\t\t\t\t\t\t<td class=\"text-right\">\n\t\t\t\t\t\t\t\t<b>\u20ac 1,00<\/b>\n\t\t\t\t\t\t\t<\/td>\n\t\t\t\t\t\t<\/tr>\n\t\t\t\t\t\t\t\t\t\t\t<tr>\n\t\t\t\t\t\t\t<td>\n\t\t\t\t\t\t\t\t<b>Location balle<\/b>\n\t\t\t\t\t\t\t\t<small><\/small>\n\t\t\t\t\t\t\t<\/td>\n\t\t\t\t\t\t\t<td class=\"text-right\">\n\t\t\t\t\t\t\t\t<b>\u20ac 0,50<\/b>\n\t\t\t\t\t\t\t<\/td>\n\t\t\t\t\t\t<\/tr>\n\t\t\t\t\t\t\t\t\t<\/table>\n\n\t\t\t[\/vc_column][vc_column width=\u00a0\u00bb1\/2&Prime;][vc_column_text]<\/p>\n<h2>Plaine de jeux int\u00e9rieure<\/h2>\n<p>[\/vc_column_text]\t\t\t\n\t\t\t\t<table class=\"table\">\n\t\t\t\t\t\t\t\t\t\t\t<tr>\n\t\t\t\t\t\t\t<td>\n\t\t\t\t\t\t\t\t<b>Acc\u00e8s (illimit\u00e9)<\/b>\n\t\t\t\t\t\t\t\t<small><\/small>\n\t\t\t\t\t\t\t<\/td>\n\t\t\t\t\t\t\t<td class=\"text-right\">\n\t\t\t\t\t\t\t\t<b>\u20ac 5,00<\/b>\n\t\t\t\t\t\t\t<\/td>\n\t\t\t\t\t\t<\/tr>\n\t\t\t\t\t\t\t\t\t\t\t<tr>\n\t\t\t\t\t\t\t<td>\n\t\t\t\t\t\t\t\t<b>Carte de 10 s\u00e9ances<\/b>\n\t\t\t\t\t\t\t\t<small><\/small>\n\t\t\t\t\t\t\t<\/td>\n\t\t\t\t\t\t\t<td class=\"text-right\">\n\t\t\t\t\t\t\t\t<b>\u20ac 45,00<\/b>\n\t\t\t\t\t\t\t<\/td>\n\t\t\t\t\t\t<\/tr>\n\t\t\t\t\t\t\t\t\t\t\t<tr>\n\t\t\t\t\t\t\t<td>\n\t\t\t\t\t\t\t\t<b>F\u00eate d'anniversaire 1 : Plaine de jeux toute la journ\u00e9e, une boisson froide au choix, fricadelle frites ou deux cr\u00eapes, cr\u00eame glac\u00e9e, un sachet de bonbons par enfant, un cadeau pour le laur\u00e9at<\/b>\n\t\t\t\t\t\t\t\t<small><\/small>\n\t\t\t\t\t\t\t<\/td>\n\t\t\t\t\t\t\t<td class=\"text-right\">\n\t\t\t\t\t\t\t\t<b>\u20ac 13,50 par enfant<\/b>\n\t\t\t\t\t\t\t<\/td>\n\t\t\t\t\t\t<\/tr>\n\t\t\t\t\t\t\t\t\t\t\t<tr>\n\t\t\t\t\t\t\t<td>\n\t\t\t\t\t\t\t\t<b>F\u00eate d'anniversaire 2 : Idem 1 + 1 heure de bowling<\/b>\n\t\t\t\t\t\t\t\t<small><\/small>\n\t\t\t\t\t\t\t<\/td>\n\t\t\t\t\t\t\t<td class=\"text-right\">\n\t\t\t\t\t\t\t\t<b>\u20ac 14,50 par enfant<\/b>\n\t\t\t\t\t\t\t<\/td>\n\t\t\t\t\t\t<\/tr>\n\t\t\t\t\t\t\t\t\t\t\t<tr>\n\t\t\t\t\t\t\t<td>\n\t\t\t\t\t\t\t\t<b>F\u00eate d'anniversaire 3 : Idem 1 + 1 s\u00e9ance de lasergame<\/b>\n\t\t\t\t\t\t\t\t<small><\/small>\n\t\t\t\t\t\t\t<\/td>\n\t\t\t\t\t\t\t<td class=\"text-right\">\n\t\t\t\t\t\t\t\t<b>\u20ac 17,50 par enfant<\/b>\n\t\t\t\t\t\t\t<\/td>\n\t\t\t\t\t\t<\/tr>\n\t\t\t\t\t\t\t\t\t\t\t<tr>\n\t\t\t\t\t\t\t<td>\n\t\t\t\t\t\t\t\t<b>F\u00eate d'anniversaire 4 : Idem 1 + 1 heure de bowling + 1 s\u00e9ance de lasergame<\/b>\n\t\t\t\t\t\t\t\t<small><\/small>\n\t\t\t\t\t\t\t<\/td>\n\t\t\t\t\t\t\t<td class=\"text-right\">\n\t\t\t\t\t\t\t\t<b>\u20ac 18,50 par enfant<\/b>\n\t\t\t\t\t\t\t<\/td>\n\t\t\t\t\t\t<\/tr>\n\t\t\t\t\t\t\t\t\t\t\t<tr>\n\t\t\t\t\t\t\t<td>\n\t\t\t\t\t\t\t\t<b>F\u00eates d'anniversaires pas possible les <\/b>\n\t\t\t\t\t\t\t\t<small><\/small>\n\t\t\t\t\t\t\t<\/td>\n\t\t\t\t\t\t\t<td class=\"text-right\">\n\t\t\t\t\t\t\t\t<b>Dimanches & jours f\u00e9ri\u00e9rs<\/b>\n\t\t\t\t\t\t\t<\/td>\n\t\t\t\t\t\t<\/tr>\n\t\t\t\t\t\t\t\t\t\t\t<tr>\n\t\t\t\t\t\t\t<td>\n\t\t\t\t\t\t\t\t<b>F\u00eates d'anniversaires seulement le mercredi apr\u00e8s-midi, vendredi soir et samedi. Pendant les vacances scolaires, tous les jours sauf dimanche & jours f\u00e9ri\u00e9rs<\/b>\n\t\t\t\t\t\t\t\t<small><\/small>\n\t\t\t\t\t\t\t<\/td>\n\t\t\t\t\t\t\t<td class=\"text-right\">\n\t\t\t\t\t\t\t\t<b><\/b>\n\t\t\t\t\t\t\t<\/td>\n\t\t\t\t\t\t<\/tr>\n\t\t\t\t\t\t\t\t\t<\/table>\n\n\t\t\t[\/vc_column][\/vc_row][vc_row content_placement=\u00a0\u00bbtop\u00a0\u00bb sbxs_headings_class=\u00a0\u00bbheadings-secondary\u00a0\u00bb sbxs_text_class=\u00a0\u00bbtext-dark\u00a0\u00bb css=\u00a0\u00bb.vc_custom_1487598742597{margin-top: 30px !important;margin-bottom: 30px !important;}\u00a0\u00bb][vc_column width=\u00a0\u00bb1\/2&Prime;][vc_column_text]<\/p>\n<h2>Pool &#8211; Snooker<\/h2>\n<p>[\/vc_column_text]\t\t\t\n\t\t\t\t<table class=\"table\">\n\t\t\t\t\t\t\t\t\t\t\t<tr>\n\t\t\t\t\t\t\t<td>\n\t\t\t\t\t\t\t\t<b>Snooker<\/b>\n\t\t\t\t\t\t\t\t<small><\/small>\n\t\t\t\t\t\t\t<\/td>\n\t\t\t\t\t\t\t<td class=\"text-right\">\n\t\t\t\t\t\t\t\t<b>\u20ac 8,00 par heure<\/b>\n\t\t\t\t\t\t\t<\/td>\n\t\t\t\t\t\t<\/tr>\n\t\t\t\t\t\t\t\t\t\t\t<tr>\n\t\t\t\t\t\t\t<td>\n\t\t\t\t\t\t\t\t<b>Pool<\/b>\n\t\t\t\t\t\t\t\t<small><\/small>\n\t\t\t\t\t\t\t<\/td>\n\t\t\t\t\t\t\t<td class=\"text-right\">\n\t\t\t\t\t\t\t\t<b>\u20ac 8,00 par heure<\/b>\n\t\t\t\t\t\t\t<\/td>\n\t\t\t\t\t\t<\/tr>\n\t\t\t\t\t\t\t\t\t<\/table>\n\n\t\t\t[\/vc_column][vc_column width=\u00a0\u00bb1\/2&Prime;][vc_column_text]<\/p>\n<h2>Lasergame<\/h2>\n<p>[\/vc_column_text]\t\t\t\n\t\t\t\t<table class=\"table\">\n\t\t\t\t\t\t\t\t\t\t\t<tr>\n\t\t\t\t\t\t\t<td>\n\t\t\t\t\t\t\t\t<b>Par jeu<\/b>\n\t\t\t\t\t\t\t\t<small><\/small>\n\t\t\t\t\t\t\t<\/td>\n\t\t\t\t\t\t\t<td class=\"text-right\">\n\t\t\t\t\t\t\t\t<b>\u20ac 8,00 par personne<\/b>\n\t\t\t\t\t\t\t<\/td>\n\t\t\t\t\t\t<\/tr>\n\t\t\t\t\t\t\t\t\t\t\t<tr>\n\t\t\t\t\t\t\t<td>\n\t\t\t\t\t\t\t\t<b>Du deuxi\u00e8me jeu<\/b>\n\t\t\t\t\t\t\t\t<small><\/small>\n\t\t\t\t\t\t\t<\/td>\n\t\t\t\t\t\t\t<td class=\"text-right\">\n\t\t\t\t\t\t\t\t<b>\u20ac 6,50 par personne<\/b>\n\t\t\t\t\t\t\t<\/td>\n\t\t\t\t\t\t<\/tr>\n\t\t\t\t\t\t\t\t\t\t\t<tr>\n\t\t\t\t\t\t\t<td>\n\t\t\t\t\t\t\t\t<b>Age minimum :<\/b>\n\t\t\t\t\t\t\t\t<small><\/small>\n\t\t\t\t\t\t\t<\/td>\n\t\t\t\t\t\t\t<td class=\"text-right\">\n\t\t\t\t\t\t\t\t<b>9 ans<\/b>\n\t\t\t\t\t\t\t<\/td>\n\t\t\t\t\t\t<\/tr>\n\t\t\t\t\t\t\t\t\t\t\t<tr>\n\t\t\t\t\t\t\t<td>\n\t\t\t\t\t\t\t\t<b>Nombre minimum :<\/b>\n\t\t\t\t\t\t\t\t<small><\/small>\n\t\t\t\t\t\t\t<\/td>\n\t\t\t\t\t\t\t<td class=\"text-right\">\n\t\t\t\t\t\t\t\t<b>4 joueurs<\/b>\n\t\t\t\t\t\t\t<\/td>\n\t\t\t\t\t\t<\/tr>\n\t\t\t\t\t\t\t\t\t\t\t<tr>\n\t\t\t\t\t\t\t<td>\n\t\t\t\t\t\t\t\t<b>Nombre maximum :<\/b>\n\t\t\t\t\t\t\t\t<small><\/small>\n\t\t\t\t\t\t\t<\/td>\n\t\t\t\t\t\t\t<td class=\"text-right\">\n\t\t\t\t\t\t\t\t<b>16 joueurs<\/b>\n\t\t\t\t\t\t\t<\/td>\n\t\t\t\t\t\t<\/tr>\n\t\t\t\t\t\t\t\t\t<\/table>\n\n\t\t\t[\/vc_column][\/vc_row][vc_row content_placement=\u00a0\u00bbtop\u00a0\u00bb sbxs_headings_class=\u00a0\u00bbheadings-secondary\u00a0\u00bb sbxs_text_class=\u00a0\u00bbtext-dark\u00a0\u00bb css=\u00a0\u00bb.vc_custom_1487598749256{margin-top: 30px !important;margin-bottom: 30px !important;}\u00a0\u00bb][vc_column width=\u00a0\u00bb1\/2&Prime;][vc_column_text]<\/p>\n<h2>Bowling (par jeu)<\/h2>\n<p>[\/vc_column_text]\t\t\t\n\t\t\t\t<table class=\"table\">\n\t\t\t\t\t\t\t\t\t\t\t<tr>\n\t\t\t\t\t\t\t<td>\n\t\t\t\t\t\t\t\t<b>Semaine (mercredi-jeudi) avant 18h<\/b>\n\t\t\t\t\t\t\t\t<small><\/small>\n\t\t\t\t\t\t\t<\/td>\n\t\t\t\t\t\t\t<td class=\"text-right\">\n\t\t\t\t\t\t\t\t<b>\u20ac 3,00 par personne<\/b>\n\t\t\t\t\t\t\t<\/td>\n\t\t\t\t\t\t<\/tr>\n\t\t\t\t\t\t\t\t\t\t\t<tr>\n\t\t\t\t\t\t\t<td>\n\t\t\t\t\t\t\t\t<b>Semaine (mercredi-jeudi) apr\u00e8s 18h<\/b>\n\t\t\t\t\t\t\t\t<small><\/small>\n\t\t\t\t\t\t\t<\/td>\n\t\t\t\t\t\t\t<td class=\"text-right\">\n\t\t\t\t\t\t\t\t<b>\u20ac 3,50 par personne<\/b>\n\t\t\t\t\t\t\t<\/td>\n\t\t\t\t\t\t<\/tr>\n\t\t\t\t\t\t\t\t\t\t\t<tr>\n\t\t\t\t\t\t\t<td>\n\t\t\t\t\t\t\t\t<b>Vendredi avant 18h<\/b>\n\t\t\t\t\t\t\t\t<small><\/small>\n\t\t\t\t\t\t\t<\/td>\n\t\t\t\t\t\t\t<td class=\"text-right\">\n\t\t\t\t\t\t\t\t<b>\u20ac 3,00 par personne<\/b>\n\t\t\t\t\t\t\t<\/td>\n\t\t\t\t\t\t<\/tr>\n\t\t\t\t\t\t\t\t\t\t\t<tr>\n\t\t\t\t\t\t\t<td>\n\t\t\t\t\t\t\t\t<b>Vendredi apr\u00e8s 18h<\/b>\n\t\t\t\t\t\t\t\t<small><\/small>\n\t\t\t\t\t\t\t<\/td>\n\t\t\t\t\t\t\t<td class=\"text-right\">\n\t\t\t\t\t\t\t\t<b>\u20ac 4,00 par personne<\/b>\n\t\t\t\t\t\t\t<\/td>\n\t\t\t\t\t\t<\/tr>\n\t\t\t\t\t\t\t\t\t\t\t<tr>\n\t\t\t\t\t\t\t<td>\n\t\t\t\t\t\t\t\t<b>Samedi avant 14h<\/b>\n\t\t\t\t\t\t\t\t<small><\/small>\n\t\t\t\t\t\t\t<\/td>\n\t\t\t\t\t\t\t<td class=\"text-right\">\n\t\t\t\t\t\t\t\t<b>\u20ac 3,00 par personne<\/b>\n\t\t\t\t\t\t\t<\/td>\n\t\t\t\t\t\t<\/tr>\n\t\t\t\t\t\t\t\t\t\t\t<tr>\n\t\t\t\t\t\t\t<td>\n\t\t\t\t\t\t\t\t<b>Samedi 14h - 18h<\/b>\n\t\t\t\t\t\t\t\t<small><\/small>\n\t\t\t\t\t\t\t<\/td>\n\t\t\t\t\t\t\t<td class=\"text-right\">\n\t\t\t\t\t\t\t\t<b>\u20ac 3,50 par personne<\/b>\n\t\t\t\t\t\t\t<\/td>\n\t\t\t\t\t\t<\/tr>\n\t\t\t\t\t\t\t\t\t\t\t<tr>\n\t\t\t\t\t\t\t<td>\n\t\t\t\t\t\t\t\t<b>Samedi apr\u00e8s 18h<\/b>\n\t\t\t\t\t\t\t\t<small><\/small>\n\t\t\t\t\t\t\t<\/td>\n\t\t\t\t\t\t\t<td class=\"text-right\">\n\t\t\t\t\t\t\t\t<b>\u20ac 4,00 par personne<\/b>\n\t\t\t\t\t\t\t<\/td>\n\t\t\t\t\t\t<\/tr>\n\t\t\t\t\t\t\t\t\t\t\t<tr>\n\t\t\t\t\t\t\t<td>\n\t\t\t\t\t\t\t\t<b>dimanche & jours f\u00e9ri\u00e9rs avant 14h<\/b>\n\t\t\t\t\t\t\t\t<small><\/small>\n\t\t\t\t\t\t\t<\/td>\n\t\t\t\t\t\t\t<td class=\"text-right\">\n\t\t\t\t\t\t\t\t<b>\u20ac 3,00 par personne<\/b>\n\t\t\t\t\t\t\t<\/td>\n\t\t\t\t\t\t<\/tr>\n\t\t\t\t\t\t\t\t\t\t\t<tr>\n\t\t\t\t\t\t\t<td>\n\t\t\t\t\t\t\t\t<b>dimanche & jours f\u00e9ri\u00e9rs apr\u00e8s 14h<\/b>\n\t\t\t\t\t\t\t\t<small><\/small>\n\t\t\t\t\t\t\t<\/td>\n\t\t\t\t\t\t\t<td class=\"text-right\">\n\t\t\t\t\t\t\t\t<b>\u20ac 4,00 par personne<\/b>\n\t\t\t\t\t\t\t<\/td>\n\t\t\t\t\t\t<\/tr>\n\t\t\t\t\t\t\t\t\t<\/table>\n\n\t\t\t[\/vc_column][vc_column width=\u00a0\u00bb1\/2&Prime;][vc_column_text]<\/p>\n<h2>Bowling (par heure)<\/h2>\n<p>[\/vc_column_text]\t\t\t\n\t\t\t\t<table class=\"table\">\n\t\t\t\t\t\t\t\t\t\t\t<tr>\n\t\t\t\t\t\t\t<td>\n\t\t\t\t\t\t\t\t<b>Semaine (mercredi-jeudi) avant 18h<\/b>\n\t\t\t\t\t\t\t\t<small><\/small>\n\t\t\t\t\t\t\t<\/td>\n\t\t\t\t\t\t\t<td class=\"text-right\">\n\t\t\t\t\t\t\t\t<b>\u20ac 18,00 par piste<\/b>\n\t\t\t\t\t\t\t<\/td>\n\t\t\t\t\t\t<\/tr>\n\t\t\t\t\t\t\t\t\t\t\t<tr>\n\t\t\t\t\t\t\t<td>\n\t\t\t\t\t\t\t\t<b>Semaine (mercredi-jeudi) apr\u00e8s 18h<\/b>\n\t\t\t\t\t\t\t\t<small><\/small>\n\t\t\t\t\t\t\t<\/td>\n\t\t\t\t\t\t\t<td class=\"text-right\">\n\t\t\t\t\t\t\t\t<b>\u20ac 21,00 par piste<\/b>\n\t\t\t\t\t\t\t<\/td>\n\t\t\t\t\t\t<\/tr>\n\t\t\t\t\t\t\t\t\t\t\t<tr>\n\t\t\t\t\t\t\t<td>\n\t\t\t\t\t\t\t\t<b>Vendredi avant 18h<\/b>\n\t\t\t\t\t\t\t\t<small><\/small>\n\t\t\t\t\t\t\t<\/td>\n\t\t\t\t\t\t\t<td class=\"text-right\">\n\t\t\t\t\t\t\t\t<b>\u20ac 18,00 par piste<\/b>\n\t\t\t\t\t\t\t<\/td>\n\t\t\t\t\t\t<\/tr>\n\t\t\t\t\t\t\t\t\t\t\t<tr>\n\t\t\t\t\t\t\t<td>\n\t\t\t\t\t\t\t\t<b>Vendredi apr\u00e8s 18h<\/b>\n\t\t\t\t\t\t\t\t<small><\/small>\n\t\t\t\t\t\t\t<\/td>\n\t\t\t\t\t\t\t<td class=\"text-right\">\n\t\t\t\t\t\t\t\t<b>\u20ac 24,00 par piste<\/b>\n\t\t\t\t\t\t\t<\/td>\n\t\t\t\t\t\t<\/tr>\n\t\t\t\t\t\t\t\t\t\t\t<tr>\n\t\t\t\t\t\t\t<td>\n\t\t\t\t\t\t\t\t<b>Samedi avant 14h<\/b>\n\t\t\t\t\t\t\t\t<small><\/small>\n\t\t\t\t\t\t\t<\/td>\n\t\t\t\t\t\t\t<td class=\"text-right\">\n\t\t\t\t\t\t\t\t<b>\u20ac 18,00 par piste<\/b>\n\t\t\t\t\t\t\t<\/td>\n\t\t\t\t\t\t<\/tr>\n\t\t\t\t\t\t\t\t\t\t\t<tr>\n\t\t\t\t\t\t\t<td>\n\t\t\t\t\t\t\t\t<b>Samedi 14h - 18h<\/b>\n\t\t\t\t\t\t\t\t<small><\/small>\n\t\t\t\t\t\t\t<\/td>\n\t\t\t\t\t\t\t<td class=\"text-right\">\n\t\t\t\t\t\t\t\t<b>\u20ac 21,00 par piste<\/b>\n\t\t\t\t\t\t\t<\/td>\n\t\t\t\t\t\t<\/tr>\n\t\t\t\t\t\t\t\t\t\t\t<tr>\n\t\t\t\t\t\t\t<td>\n\t\t\t\t\t\t\t\t<b>Samedi apr\u00e8s 18h<\/b>\n\t\t\t\t\t\t\t\t<small><\/small>\n\t\t\t\t\t\t\t<\/td>\n\t\t\t\t\t\t\t<td class=\"text-right\">\n\t\t\t\t\t\t\t\t<b>\u20ac 24,00 par piste<\/b>\n\t\t\t\t\t\t\t<\/td>\n\t\t\t\t\t\t<\/tr>\n\t\t\t\t\t\t\t\t\t\t\t<tr>\n\t\t\t\t\t\t\t<td>\n\t\t\t\t\t\t\t\t<b>Dimanches & jours f\u00e9ri\u00e9rs avant 14h<\/b>\n\t\t\t\t\t\t\t\t<small><\/small>\n\t\t\t\t\t\t\t<\/td>\n\t\t\t\t\t\t\t<td class=\"text-right\">\n\t\t\t\t\t\t\t\t<b>\u20ac 18,00 par piste<\/b>\n\t\t\t\t\t\t\t<\/td>\n\t\t\t\t\t\t<\/tr>\n\t\t\t\t\t\t\t\t\t\t\t<tr>\n\t\t\t\t\t\t\t<td>\n\t\t\t\t\t\t\t\t<b>Dimanches & jours f\u00e9ri\u00e9rs apr\u00e8s 14h<\/b>\n\t\t\t\t\t\t\t\t<small><\/small>\n\t\t\t\t\t\t\t<\/td>\n\t\t\t\t\t\t\t<td class=\"text-right\">\n\t\t\t\t\t\t\t\t<b>\u20ac 24,00 par piste<\/b>\n\t\t\t\t\t\t\t<\/td>\n\t\t\t\t\t\t<\/tr>\n\t\t\t\t\t\t\t\t\t<\/table>\n\n\t\t\t[\/vc_column][\/vc_row][vc_row content_placement=\u00a0\u00bbtop\u00a0\u00bb sbxs_headings_class=\u00a0\u00bbheadings-secondary\u00a0\u00bb sbxs_text_class=\u00a0\u00bbtext-dark\u00a0\u00bb css=\u00a0\u00bb.vc_custom_1487598754157{margin-top: 30px !important;margin-bottom: 30px !important;}\u00a0\u00bb][vc_column width=\u00a0\u00bb1\/2&Prime;][vc_column_text]<\/p>\n<h2>Pierrade<\/h2>\n<p>[\/vc_column_text]\t\t\t\n\t\t\t\t<table class=\"table\">\n\t\t\t\t\t\t\t\t\t\t\t<tr>\n\t\t\t\t\t\t\t<td>\n\t\t\t\t\t\t\t\t<b>Pierrade ( par personne )<\/b>\n\t\t\t\t\t\t\t\t<small><\/small>\n\t\t\t\t\t\t\t<\/td>\n\t\t\t\t\t\t\t<td class=\"text-right\">\n\t\t\t\t\t\t\t\t<b>\u20ac 27,00<\/b>\n\t\t\t\t\t\t\t<\/td>\n\t\t\t\t\t\t<\/tr>\n\t\t\t\t\t\t\t\t\t\t\t<tr>\n\t\t\t\t\t\t\t<td>\n\t\t\t\t\t\t\t\t<b>Pierrade ( par enfant jusqu'a 12 ans. )<\/b>\n\t\t\t\t\t\t\t\t<small><\/small>\n\t\t\t\t\t\t\t<\/td>\n\t\t\t\t\t\t\t<td class=\"text-right\">\n\t\t\t\t\t\t\t\t<b>\u20ac 18,00<\/b>\n\t\t\t\t\t\t\t<\/td>\n\t\t\t\t\t\t<\/tr>\n\t\t\t\t\t\t\t\t\t\t\t<tr>\n\t\t\t\t\t\t\t<td>\n\t\t\t\t\t\t\t\t<b>+ 1,5 heure de bowling<\/b>\n\t\t\t\t\t\t\t\t<small><\/small>\n\t\t\t\t\t\t\t<\/td>\n\t\t\t\t\t\t\t<td class=\"text-right\">\n\t\t\t\t\t\t\t\t<b>\u20ac 6,00<\/b>\n\t\t\t\t\t\t\t<\/td>\n\t\t\t\t\t\t<\/tr>\n\t\t\t\t\t\t\t\t\t\t\t<tr>\n\t\t\t\t\t\t\t<td>\n\t\t\t\t\t\t\t\t<b>+ 1 jeu de  lasergame <\/b>\n\t\t\t\t\t\t\t\t<small><\/small>\n\t\t\t\t\t\t\t<\/td>\n\t\t\t\t\t\t\t<td class=\"text-right\">\n\t\t\t\t\t\t\t\t<b>\u20ac 8,00<\/b>\n\t\t\t\t\t\t\t<\/td>\n\t\t\t\t\t\t<\/tr>\n\t\t\t\t\t\t\t\t\t\t\t<tr>\n\t\t\t\t\t\t\t<td>\n\t\t\t\t\t\t\t\t<b>Pierrade ( par personne ) + 1,5 heure de bowling + 1 jeu de  lasergame <\/b>\n\t\t\t\t\t\t\t\t<small><\/small>\n\t\t\t\t\t\t\t<\/td>\n\t\t\t\t\t\t\t<td class=\"text-right\">\n\t\t\t\t\t\t\t\t<b>\u20ac 39,00<\/b>\n\t\t\t\t\t\t\t<\/td>\n\t\t\t\t\t\t<\/tr>\n\t\t\t\t\t\t\t\t\t\t\t<tr>\n\t\t\t\t\t\t\t<td>\n\t\t\t\t\t\t\t\t<b>Pierrade ( par enfant jusqu'a 12 ans. ) + 1,5 heure de bowling + 1 jeu de  lasergame <\/b>\n\t\t\t\t\t\t\t\t<small><\/small>\n\t\t\t\t\t\t\t<\/td>\n\t\t\t\t\t\t\t<td class=\"text-right\">\n\t\t\t\t\t\t\t\t<b>\u20ac 30,00<\/b>\n\t\t\t\t\t\t\t<\/td>\n\t\t\t\t\t\t<\/tr>\n\t\t\t\t\t\t\t\t\t<\/table>\n\n\t\t\t[\/vc_column][vc_column width=\u00a0\u00bb1\/2&Prime;][\/vc_column][\/vc_row]<\/p>\n","protected":false},"excerpt":{"rendered":"<p>[vc_row full_width=\u00a0\u00bbstretch_row\u00a0\u00bb sbxs_bg_class=\u00a0\u00bbbg-light\u00a0\u00bb sbxs_headings_class=\u00a0\u00bbheadings-secondary\u00a0\u00bb sbxs_text_class=\u00a0\u00bbtext-dark\u00a0\u00bb css=\u00a0\u00bb.vc_custom_1487596665299{padding-top: 160px !important;padding-bottom: 50px !important;}\u00a0\u00bb][vc_column][vc_column_text] Tarifs Ici vous trouvez nos tarifs, Si vous avez des questions ou vous souhaitez organiser une f\u00eate? [\/vc_column_text][\/vc_column][\/vc_row][vc_row content_placement=\u00a0\u00bbtop\u00a0\u00bb sbxs_headings_class=\u00a0\u00bbheadings-secondary\u00a0\u00bb sbxs_text_class=\u00a0\u00bbtext-dark\u00a0\u00bb css=\u00a0\u00bb.vc_custom_1487598736046{margin-top: 30px !important;margin-bottom: 30px !important;}\u00a0\u00bb][vc_column width=\u00a0\u00bb1\/2&Prime;][vc_column_text] Squash [\/vc_column_text][\/vc_column][vc_column width=\u00a0\u00bb1\/2&Prime;][vc_column_text] Plaine de jeux int\u00e9rieure [\/vc_column_text][\/vc_column][\/vc_row][vc_row content_placement=\u00a0\u00bbtop\u00a0\u00bb sbxs_headings_class=\u00a0\u00bbheadings-secondary\u00a0\u00bb sbxs_text_class=\u00a0\u00bbtext-dark\u00a0\u00bb css=\u00a0\u00bb.vc_custom_1487598742597{margin-top: 30px !important;margin-bottom: 30px !important;}\u00a0\u00bb][vc_column width=\u00a0\u00bb1\/2&Prime;][vc_column_text] Pool<\/p>\n","protected":false},"author":1,"featured_media":0,"parent":0,"menu_order":0,"comment_status":"closed","ping_status":"closed","template":"","meta":{"_acf_changed":false,"footnotes":""},"class_list":["post-1546","page","type-page","status-publish","hentry"],"acf":[],"_links":{"self":[{"href":"https:\/\/activ1.be\/fr\/wp-json\/wp\/v2\/pages\/1546","targetHints":{"allow":["GET"]}}],"collection":[{"href":"https:\/\/activ1.be\/fr\/wp-json\/wp\/v2\/pages"}],"about":[{"href":"https:\/\/activ1.be\/fr\/wp-json\/wp\/v2\/types\/page"}],"author":[{"embeddable":true,"href":"https:\/\/activ1.be\/fr\/wp-json\/wp\/v2\/users\/1"}],"replies":[{"embeddable":true,"href":"https:\/\/activ1.be\/fr\/wp-json\/wp\/v2\/comments?post=1546"}],"version-history":[{"count":9,"href":"https:\/\/activ1.be\/fr\/wp-json\/wp\/v2\/pages\/1546\/revisions"}],"predecessor-version":[{"id":12535,"href":"https:\/\/activ1.be\/fr\/wp-json\/wp\/v2\/pages\/1546\/revisions\/12535"}],"wp:attachment":[{"href":"https:\/\/activ1.be\/fr\/wp-json\/wp\/v2\/media?parent=1546"}],"curies":[{"name":"wp","href":"https:\/\/api.w.org\/{rel}","templated":true}]}}