
{"id":1545,"date":"2016-06-01T09:45:20","date_gmt":"2016-06-01T08:45:20","guid":{"rendered":"https:\/\/activ1.be\/fr\/blog\/"},"modified":"2017-11-02T18:52:11","modified_gmt":"2017-11-02T17:52:11","slug":"blog","status":"publish","type":"page","link":"https:\/\/activ1.be\/fr\/blog\/","title":{"rendered":"Nieuws"},"content":{"rendered":"<p>[vc_row full_width=\u00a0\u00bbstretch_row\u00a0\u00bb sbxs_bg_class=\u00a0\u00bbbg-light\u00a0\u00bb sbxs_headings_class=\u00a0\u00bbheadings-secondary\u00a0\u00bb sbxs_text_class=\u00a0\u00bbtext-dark\u00a0\u00bb css=\u00a0\u00bb.vc_custom_1487596665299{padding-top: 160px !important;padding-bottom: 50px !important;}\u00a0\u00bb][vc_column][vc_column_text]<\/p>\n<h2 style=\"text-align: center;\">Actualit\u00e9s<\/h2>\n<p style=\"text-align: center;\">Suivez ici tout d&rsquo;ActiV<\/p>\n<p>[\/vc_column_text][\/vc_column][\/vc_row][vc_row sbxs_bg_class=\u00a0\u00bbbg-white\u00a0\u00bb sbxs_headings_class=\u00a0\u00bbheadings-secondary\u00a0\u00bb sbxs_text_class=\u00a0\u00bbtext-dark\u00a0\u00bb css=\u00a0\u00bb.vc_custom_1487600007200{margin-top: 60px !important;margin-bottom: 60px !important;padding-top: 20px !important;padding-right: 20px !important;padding-bottom: 20px !important;padding-left: 20px !important;}\u00a0\u00bb][vc_column]\t\n\t\n\t<ul class=\"blog\">\n\t\t\t\t\n\t\t\t<li class=\"col-lg-3 col-md-3 col-sm-6 col-xs-12\">\n\t\t\t<a class='item' href=\"https:\/\/activ1.be\/fr\/7222\/\">\n\t\t\t\n\t\t\t\n\t\t\t<div class=\"clearfix\"><\/div>\n\t\t\t\n\t\t\t<div class=\"imgwrap\">\n\t\t\t\t<img decoding=\"async\" src=\"https:\/\/activ1.be\/wp-content\/uploads\/2017\/02\/Allergie-400x300.jpeg\" alt=\"Allergenen\">\n\t\t\t<\/div>\n\t\t\n\t\t\t\t<div class=\"pad\">\n\t\t\t\t\t<span class=\"date col-xs-12 clampthis-1\">\n\t\t\t\t\t<i class=\"fa fa-calendar\"><\/i>\n\t\t\t\t\t15 novembre 2022\t\t\t\t\t<\/span>\n\t\t\t\t\t<div class=\"clearfix\"><\/div>\n\t\t\t\t\t\n\t\t\t\t\t<h3 class=\"clampthis-2\">Allergenen<\/h3>\n\t\t\t\t\t<div class=\"desc clampthis-3\">[vc_row][vc_column][vc_empty_space height=\u00a0\u00bb150px\u00a0\u00bb][vc_column_text el_class=\u00a0\u00bbbg-primary text-white headings-white\u00a0\u00bb]. . ALLERGENES &nbsp; Information d&rsquo;allerg\u00e8nes dans nos repas ajout\u00e9 \u00e0 \u00ab\u00a0Brasserie-Resto\u00a0\u00bb &nbsp; . .[\/vc_column_text][vc_empty_space][\/vc_column][\/vc_row][vc_row][vc_column][\/vc_column][\/vc_row]<\/div>\n\t\t\t\t\t\n\t\t\t\t\t\n\t\t\t\t\t\t\t\t\t\t\n\t\t\t\t\t<div class=\"clearfix\"><\/div>\n\t\t\t\t<\/div>\n\t\t\t\t\n\t\t\t<\/a>\t\n\t\t\t<\/li>\n\t\t\t\n\t\t\t\t\n\t\t\t<li class=\"col-lg-3 col-md-3 col-sm-6 col-xs-12\">\n\t\t\t<a class='item' href=\"https:\/\/activ1.be\/fr\/nlfr-website-eindelijk-landstalen-klik-rechtsboven\/\">\n\t\t\t\n\t\t\t\n\t\t\t<div class=\"clearfix\"><\/div>\n\t\t\t\n\t\t\t<div class=\"imgwrap\">\n\t\t\t\t<img decoding=\"async\" src=\"https:\/\/activ1.be\/wp-content\/uploads\/2017\/02\/NL-FR-2-400x172.jpg\" alt=\"NL\/FR\">\n\t\t\t<\/div>\n\t\t\n\t\t\t\t<div class=\"pad\">\n\t\t\t\t\t<span class=\"date col-xs-12 clampthis-1\">\n\t\t\t\t\t<i class=\"fa fa-calendar\"><\/i>\n\t\t\t\t\t22 juin 2017\t\t\t\t\t<\/span>\n\t\t\t\t\t<div class=\"clearfix\"><\/div>\n\t\t\t\t\t\n\t\t\t\t\t<h3 class=\"clampthis-2\">NL\/FR<\/h3>\n\t\t\t\t\t<div class=\"desc clampthis-3\">[vc_row sbxs_bg_class=\u00a0\u00bbbg-light\u00a0\u00bb sbxs_headings_class=\u00a0\u00bbheadings-secondary\u00a0\u00bb sbxs_text_class=\u00a0\u00bbtext-dark\u00a0\u00bb css=\u00a0\u00bb.vc_custom_1498216488693{padding-top: 160px !important;padding-bottom: 50px !important;}\u00a0\u00bb][vc_column][vc_column_text] NL\/FR Notre site enfin en fran\u00e7ais (Cliquez haut \u00e0 droite) [\/vc_column_text][\/vc_column][\/vc_row][vc_row][vc_column][vc_empty_space height=\u00a0\u00bb15px\u00a0\u00bb][\/vc_column][\/vc_row]<\/div>\n\t\t\t\t\t\n\t\t\t\t\t\n\t\t\t\t\t\t\t\t\t\t\n\t\t\t\t\t<div class=\"clearfix\"><\/div>\n\t\t\t\t<\/div>\n\t\t\t\t\n\t\t\t<\/a>\t\n\t\t\t<\/li>\n\t\t\t\n\t\t<\/ul>\n\t\n\t\n\n\n\n\n\n\n\n\n\n\n\t[\/vc_column][\/vc_row]<\/p>\n","protected":false},"excerpt":{"rendered":"<p>[vc_row full_width=\u00a0\u00bbstretch_row\u00a0\u00bb sbxs_bg_class=\u00a0\u00bbbg-light\u00a0\u00bb sbxs_headings_class=\u00a0\u00bbheadings-secondary\u00a0\u00bb sbxs_text_class=\u00a0\u00bbtext-dark\u00a0\u00bb css=\u00a0\u00bb.vc_custom_1487596665299{padding-top: 160px !important;padding-bottom: 50px !important;}\u00a0\u00bb][vc_column][vc_column_text] Actualit\u00e9s Suivez ici tout d&rsquo;ActiV [\/vc_column_text][\/vc_column][\/vc_row][vc_row sbxs_bg_class=\u00a0\u00bbbg-white\u00a0\u00bb sbxs_headings_class=\u00a0\u00bbheadings-secondary\u00a0\u00bb sbxs_text_class=\u00a0\u00bbtext-dark\u00a0\u00bb css=\u00a0\u00bb.vc_custom_1487600007200{margin-top: 60px !important;margin-bottom: 60px !important;padding-top: 20px !important;padding-right: 20px !important;padding-bottom: 20px !important;padding-left: 20px !important;}\u00a0\u00bb][vc_column][\/vc_column][\/vc_row]<\/p>\n","protected":false},"author":1,"featured_media":0,"parent":0,"menu_order":0,"comment_status":"closed","ping_status":"closed","template":"","meta":{"_acf_changed":false,"footnotes":""},"class_list":["post-1545","page","type-page","status-publish","hentry"],"acf":[],"_links":{"self":[{"href":"https:\/\/activ1.be\/fr\/wp-json\/wp\/v2\/pages\/1545","targetHints":{"allow":["GET"]}}],"collection":[{"href":"https:\/\/activ1.be\/fr\/wp-json\/wp\/v2\/pages"}],"about":[{"href":"https:\/\/activ1.be\/fr\/wp-json\/wp\/v2\/types\/page"}],"author":[{"embeddable":true,"href":"https:\/\/activ1.be\/fr\/wp-json\/wp\/v2\/users\/1"}],"replies":[{"embeddable":true,"href":"https:\/\/activ1.be\/fr\/wp-json\/wp\/v2\/comments?post=1545"}],"version-history":[{"count":6,"href":"https:\/\/activ1.be\/fr\/wp-json\/wp\/v2\/pages\/1545\/revisions"}],"predecessor-version":[{"id":2197,"href":"https:\/\/activ1.be\/fr\/wp-json\/wp\/v2\/pages\/1545\/revisions\/2197"}],"wp:attachment":[{"href":"https:\/\/activ1.be\/fr\/wp-json\/wp\/v2\/media?parent=1545"}],"curies":[{"name":"wp","href":"https:\/\/api.w.org\/{rel}","templated":true}]}}