
{"id":1541,"date":"2017-02-20T13:35:32","date_gmt":"2017-02-20T12:35:32","guid":{"rendered":"https:\/\/activ1.be\/fr\/arrangementen\/pool-snooker\/"},"modified":"2017-07-27T16:13:40","modified_gmt":"2017-07-27T15:13:40","slug":"pool-snooker","status":"publish","type":"page","link":"https:\/\/activ1.be\/fr\/arrangementen\/pool-snooker\/","title":{"rendered":"Pool-Snooker"},"content":{"rendered":"<p>[vc_row full_width=\u00a0\u00bbstretch_row\u00a0\u00bb sbxs_bg_class=\u00a0\u00bbbg-light\u00a0\u00bb sbxs_headings_class=\u00a0\u00bbheadings-secondary\u00a0\u00bb sbxs_text_class=\u00a0\u00bbtext-dark\u00a0\u00bb css=\u00a0\u00bb.vc_custom_1487596665299{padding-top: 160px !important;padding-bottom: 50px !important;}\u00a0\u00bb][vc_column][vc_column_text]<\/p>\n<h2 style=\"text-align: center;\">Pool-Snooker<\/h2>\n<p style=\"text-align: center;\">\u201cUn moment de pure d\u00e9tente\u201d<\/p>\n<p>[\/vc_column_text][\/vc_column][\/vc_row][vc_row content_placement=\u00a0\u00bbmiddle\u00a0\u00bb sbxs_bg_class=\u00a0\u00bbbg-secondary\u00a0\u00bb sbxs_headings_class=\u00a0\u00bbheadings-white\u00a0\u00bb sbxs_text_class=\u00a0\u00bbtext-white\u00a0\u00bb css=\u00a0\u00bb.vc_custom_1487596943046{margin-top: 15px !important;margin-bottom: 15px !important;}\u00a0\u00bb][vc_column width=\u00a0\u00bb3\/12&Prime;][vc_single_image image=\u00a0\u00bb1409&Prime; img_size=\u00a0\u00bbfull\u00a0\u00bb style=\u00a0\u00bbvc_box_circle\u00a0\u00bb css_animation=\u00a0\u00bbleft-to-right\u00a0\u00bb][\/vc_column][vc_column width=\u00a0\u00bb9\/12&Prime;][vc_column_text css_animation=\u00a0\u00bbright-to-left\u00a0\u00bb]<\/p>\n<h2>Pool-Snooker<\/h2>\n<p>[\/vc_column_text][vc_column_text css_animation=\u00a0\u00bbright-to-left\u00a0\u00bb]Une partie de SNOOKER ou de BILLIARD dans un cadre afr\u00e9able? Chez ActiV vous \u00eates \u00e0 la bonne adresse! Six tables de snooker professionel et cinq tables de billiard sont \u00e0 votre disposition.[\/vc_column_text][\/vc_column][\/vc_row]<\/p>\n","protected":false},"excerpt":{"rendered":"<p>[vc_row full_width=\u00a0\u00bbstretch_row\u00a0\u00bb sbxs_bg_class=\u00a0\u00bbbg-light\u00a0\u00bb sbxs_headings_class=\u00a0\u00bbheadings-secondary\u00a0\u00bb sbxs_text_class=\u00a0\u00bbtext-dark\u00a0\u00bb css=\u00a0\u00bb.vc_custom_1487596665299{padding-top: 160px !important;padding-bottom: 50px !important;}\u00a0\u00bb][vc_column][vc_column_text] Pool-Snooker \u201cUn moment de pure d\u00e9tente\u201d [\/vc_column_text][\/vc_column][\/vc_row][vc_row content_placement=\u00a0\u00bbmiddle\u00a0\u00bb sbxs_bg_class=\u00a0\u00bbbg-secondary\u00a0\u00bb sbxs_headings_class=\u00a0\u00bbheadings-white\u00a0\u00bb sbxs_text_class=\u00a0\u00bbtext-white\u00a0\u00bb css=\u00a0\u00bb.vc_custom_1487596943046{margin-top: 15px !important;margin-bottom: 15px !important;}\u00a0\u00bb][vc_column width=\u00a0\u00bb3\/12&Prime;][vc_single_image image=\u00a0\u00bb1409&Prime; img_size=\u00a0\u00bbfull\u00a0\u00bb style=\u00a0\u00bbvc_box_circle\u00a0\u00bb css_animation=\u00a0\u00bbleft-to-right\u00a0\u00bb][\/vc_column][vc_column width=\u00a0\u00bb9\/12&Prime;][vc_column_text css_animation=\u00a0\u00bbright-to-left\u00a0\u00bb] Pool-Snooker [\/vc_column_text][vc_column_text css_animation=\u00a0\u00bbright-to-left\u00a0\u00bb]Une partie de SNOOKER ou de BILLIARD dans un cadre afr\u00e9able? Chez ActiV vous \u00eates \u00e0 la bonne adresse! Six<\/p>\n","protected":false},"author":1,"featured_media":0,"parent":1534,"menu_order":0,"comment_status":"closed","ping_status":"closed","template":"","meta":{"_acf_changed":false,"footnotes":""},"class_list":["post-1541","page","type-page","status-publish","hentry"],"acf":[],"_links":{"self":[{"href":"https:\/\/activ1.be\/fr\/wp-json\/wp\/v2\/pages\/1541","targetHints":{"allow":["GET"]}}],"collection":[{"href":"https:\/\/activ1.be\/fr\/wp-json\/wp\/v2\/pages"}],"about":[{"href":"https:\/\/activ1.be\/fr\/wp-json\/wp\/v2\/types\/page"}],"author":[{"embeddable":true,"href":"https:\/\/activ1.be\/fr\/wp-json\/wp\/v2\/users\/1"}],"replies":[{"embeddable":true,"href":"https:\/\/activ1.be\/fr\/wp-json\/wp\/v2\/comments?post=1541"}],"version-history":[{"count":4,"href":"https:\/\/activ1.be\/fr\/wp-json\/wp\/v2\/pages\/1541\/revisions"}],"predecessor-version":[{"id":1865,"href":"https:\/\/activ1.be\/fr\/wp-json\/wp\/v2\/pages\/1541\/revisions\/1865"}],"up":[{"embeddable":true,"href":"https:\/\/activ1.be\/fr\/wp-json\/wp\/v2\/pages\/1534"}],"wp:attachment":[{"href":"https:\/\/activ1.be\/fr\/wp-json\/wp\/v2\/media?parent=1541"}],"curies":[{"name":"wp","href":"https:\/\/api.w.org\/{rel}","templated":true}]}}