
{"id":1540,"date":"2017-02-20T13:34:56","date_gmt":"2017-02-20T12:34:56","guid":{"rendered":"https:\/\/activ1.be\/fr\/arrangementen\/lasergame\/"},"modified":"2024-09-01T18:11:46","modified_gmt":"2024-09-01T17:11:46","slug":"lasergame","status":"publish","type":"page","link":"https:\/\/activ1.be\/fr\/arrangementen\/lasergame\/","title":{"rendered":"Lasergame"},"content":{"rendered":"<p>[vc_row full_width=\u00a0\u00bbstretch_row\u00a0\u00bb sbxs_bg_class=\u00a0\u00bbbg-light\u00a0\u00bb sbxs_headings_class=\u00a0\u00bbheadings-secondary\u00a0\u00bb sbxs_text_class=\u00a0\u00bbtext-dark\u00a0\u00bb css=\u00a0\u00bb.vc_custom_1487596665299{padding-top: 160px !important;padding-bottom: 50px !important;}\u00a0\u00bb][vc_column width=\u00a0\u00bb1\/3&Prime;][vc_column_text css=\u00a0\u00bb.vc_custom_1541424873968{padding-left: 50px !important;}\u00a0\u00bb]<img decoding=\"async\" src=\"https:\/\/www.lasermaxx.com\/banner\/lasermaxx-tongeren\/lasermaxx-lasertag-small.gif\" alt=\"LaserMaxx lasertag\" \/>[\/vc_column_text][\/vc_column][vc_column width=\u00a0\u00bb1\/3&Prime;][vc_column_text]<\/p>\n<h2 style=\"text-align: center;\">Lasergame<\/h2>\n<p style=\"text-align: center;\">\u201cPaintball en toute s\u00e9curit\u00e9\u201d<\/p>\n<p>[\/vc_column_text][\/vc_column][vc_column width=\u00a0\u00bb1\/3&Prime;][vc_column_text css=\u00a0\u00bb.vc_custom_1541424725816{padding-left: 120px !important;}\u00a0\u00bb]<img decoding=\"async\" src=\"https:\/\/www.lasermaxx.com\/banner\/lasermaxx-tongeren\/lasermaxx-lasertag-small.gif\" alt=\"LaserMaxx lasertag\" \/>[\/vc_column_text][\/vc_column][\/vc_row][vc_row content_placement=\u00a0\u00bbmiddle\u00a0\u00bb sbxs_bg_class=\u00a0\u00bbbg-secondary\u00a0\u00bb sbxs_headings_class=\u00a0\u00bbheadings-white\u00a0\u00bb sbxs_text_class=\u00a0\u00bbtext-white\u00a0\u00bb css=\u00a0\u00bb.vc_custom_1487596943046{margin-top: 15px !important;margin-bottom: 15px !important;}\u00a0\u00bb][vc_column width=\u00a0\u00bb3\/12&Prime;][vc_single_image image=\u00a0\u00bb1413&Prime; img_size=\u00a0\u00bbfull\u00a0\u00bb style=\u00a0\u00bbvc_box_circle\u00a0\u00bb css_animation=\u00a0\u00bbleft-to-right\u00a0\u00bb][\/vc_column][vc_column width=\u00a0\u00bb9\/12&Prime;][vc_column_text css_animation=\u00a0\u00bbright-to-left\u00a0\u00bb]<\/p>\n<h2>Lasergame<\/h2>\n<p>[\/vc_column_text][vc_column_text css_animation=\u00a0\u00bbright-to-left\u00a0\u00bb]Arm\u00e9 d&rsquo;un PISTOLET-LASER et \u00e9quip\u00e9 d&rsquo;une veste \u00e0 d\u00e9tecteurs, vous vous engagez dans une LABYRINTHE \u00e0 la recherche de vos adversaires. Les effects sp\u00e9ciaux (son, lumi\u00e8re) feront de cette activit\u00e9 de groupe un moment passionant pour tous les \u00e2ges!<\/p>\n<p><a href=\"http:\/\/www.lasermaxx.com\/\" target=\"_blank\" rel=\"noopener noreferrer\">Lasermaxx.com<\/a>[\/vc_column_text][\/vc_column][\/vc_row][vc_row][vc_column][vc_column_text]<\/p>\n<p style=\"text-align: center;\"><a href=\"https:\/\/www.lasermaxx.com\/\" target=\"_blank\" rel=\"noopener\"><img loading=\"lazy\" decoding=\"async\" class=\" aligncenter\" src=\"https:\/\/www.lasermaxx.com\/uploads\/webmasters\/lasermaxx_logo_gr.png\" alt=\"LaserMaxx button\" width=\"267\" height=\"79\" \/><\/a><\/p>\n<p style=\"text-align: center;\"><object width=\"600\" height=\"500\"><param name=\"movie\" value=\"https:\/\/www.lasermaxx.com\/uploads\/webmasters\/lasermaxx_3d_vest_evo-5.swf\" \/><param name=\"wmode\" value=\"transparent\" \/><embed height=\"500\" src=\"https:\/\/www.lasermaxx.com\/uploads\/webmasters\/lasermaxx_3d_vest_evo-5.swf\" width=\"600\" \/><\/object><\/p>\n<p>[\/vc_column_text][\/vc_column][\/vc_row]<\/p>\n","protected":false},"excerpt":{"rendered":"<p>[vc_row full_width=\u00a0\u00bbstretch_row\u00a0\u00bb sbxs_bg_class=\u00a0\u00bbbg-light\u00a0\u00bb sbxs_headings_class=\u00a0\u00bbheadings-secondary\u00a0\u00bb sbxs_text_class=\u00a0\u00bbtext-dark\u00a0\u00bb css=\u00a0\u00bb.vc_custom_1487596665299{padding-top: 160px !important;padding-bottom: 50px !important;}\u00a0\u00bb][vc_column width=\u00a0\u00bb1\/3&Prime;][vc_column_text css=\u00a0\u00bb.vc_custom_1541424873968{padding-left: 50px !important;}\u00a0\u00bb][\/vc_column_text][\/vc_column][vc_column width=\u00a0\u00bb1\/3&Prime;][vc_column_text] Lasergame \u201cPaintball en toute s\u00e9curit\u00e9\u201d [\/vc_column_text][\/vc_column][vc_column width=\u00a0\u00bb1\/3&Prime;][vc_column_text css=\u00a0\u00bb.vc_custom_1541424725816{padding-left: 120px !important;}\u00a0\u00bb][\/vc_column_text][\/vc_column][\/vc_row][vc_row content_placement=\u00a0\u00bbmiddle\u00a0\u00bb sbxs_bg_class=\u00a0\u00bbbg-secondary\u00a0\u00bb sbxs_headings_class=\u00a0\u00bbheadings-white\u00a0\u00bb sbxs_text_class=\u00a0\u00bbtext-white\u00a0\u00bb css=\u00a0\u00bb.vc_custom_1487596943046{margin-top: 15px !important;margin-bottom: 15px !important;}\u00a0\u00bb][vc_column width=\u00a0\u00bb3\/12&Prime;][vc_single_image image=\u00a0\u00bb1413&Prime; img_size=\u00a0\u00bbfull\u00a0\u00bb style=\u00a0\u00bbvc_box_circle\u00a0\u00bb css_animation=\u00a0\u00bbleft-to-right\u00a0\u00bb][\/vc_column][vc_column width=\u00a0\u00bb9\/12&Prime;][vc_column_text css_animation=\u00a0\u00bbright-to-left\u00a0\u00bb] Lasergame [\/vc_column_text][vc_column_text css_animation=\u00a0\u00bbright-to-left\u00a0\u00bb]Arm\u00e9 d&rsquo;un PISTOLET-LASER et \u00e9quip\u00e9 d&rsquo;une veste \u00e0 d\u00e9tecteurs, vous vous engagez<\/p>\n","protected":false},"author":1,"featured_media":0,"parent":1534,"menu_order":0,"comment_status":"closed","ping_status":"closed","template":"","meta":{"_acf_changed":false,"footnotes":""},"class_list":["post-1540","page","type-page","status-publish","hentry"],"acf":[],"_links":{"self":[{"href":"https:\/\/activ1.be\/fr\/wp-json\/wp\/v2\/pages\/1540","targetHints":{"allow":["GET"]}}],"collection":[{"href":"https:\/\/activ1.be\/fr\/wp-json\/wp\/v2\/pages"}],"about":[{"href":"https:\/\/activ1.be\/fr\/wp-json\/wp\/v2\/types\/page"}],"author":[{"embeddable":true,"href":"https:\/\/activ1.be\/fr\/wp-json\/wp\/v2\/users\/1"}],"replies":[{"embeddable":true,"href":"https:\/\/activ1.be\/fr\/wp-json\/wp\/v2\/comments?post=1540"}],"version-history":[{"count":9,"href":"https:\/\/activ1.be\/fr\/wp-json\/wp\/v2\/pages\/1540\/revisions"}],"predecessor-version":[{"id":10273,"href":"https:\/\/activ1.be\/fr\/wp-json\/wp\/v2\/pages\/1540\/revisions\/10273"}],"up":[{"embeddable":true,"href":"https:\/\/activ1.be\/fr\/wp-json\/wp\/v2\/pages\/1534"}],"wp:attachment":[{"href":"https:\/\/activ1.be\/fr\/wp-json\/wp\/v2\/media?parent=1540"}],"curies":[{"name":"wp","href":"https:\/\/api.w.org\/{rel}","templated":true}]}}