
{"id":1537,"date":"2017-02-20T13:35:44","date_gmt":"2017-02-20T12:35:44","guid":{"rendered":"https:\/\/activ1.be\/fr\/arrangementen\/brasserie-resto\/"},"modified":"2022-11-15T21:06:32","modified_gmt":"2022-11-15T20:06:32","slug":"brasserie-resto","status":"publish","type":"page","link":"https:\/\/activ1.be\/fr\/arrangementen\/brasserie-resto\/","title":{"rendered":"Brasserie-Resto"},"content":{"rendered":"<p>[vc_row full_width=\u00a0\u00bbstretch_row\u00a0\u00bb sbxs_bg_class=\u00a0\u00bbbg-light\u00a0\u00bb sbxs_headings_class=\u00a0\u00bbheadings-secondary\u00a0\u00bb sbxs_text_class=\u00a0\u00bbtext-dark\u00a0\u00bb css=\u00a0\u00bb.vc_custom_1487596665299{padding-top: 160px !important;padding-bottom: 50px !important;}\u00a0\u00bb][vc_column][vc_column_text]<\/p>\n<h2 style=\"text-align: center;\">Brasserie-Resto<\/h2>\n<p style=\"text-align: center;\">\u201cLe plaisir culinaire est un sport<\/p>\n<p>[\/vc_column_text][\/vc_column][\/vc_row][vc_row content_placement=\u00a0\u00bbmiddle\u00a0\u00bb sbxs_bg_class=\u00a0\u00bbbg-secondary\u00a0\u00bb sbxs_headings_class=\u00a0\u00bbheadings-white\u00a0\u00bb sbxs_text_class=\u00a0\u00bbtext-white\u00a0\u00bb css=\u00a0\u00bb.vc_custom_1487596943046{margin-top: 15px !important;margin-bottom: 15px !important;}\u00a0\u00bb][vc_column width=\u00a0\u00bb3\/12&Prime;][vc_single_image image=\u00a0\u00bb1411&Prime; img_size=\u00a0\u00bbfull\u00a0\u00bb style=\u00a0\u00bbvc_box_circle\u00a0\u00bb css_animation=\u00a0\u00bbleft-to-right\u00a0\u00bb][\/vc_column][vc_column width=\u00a0\u00bb9\/12&Prime;][vc_column_text css_animation=\u00a0\u00bbright-to-left\u00a0\u00bb]<\/p>\n<h2>Brasserie-Resto<\/h2>\n<p>[\/vc_column_text][vc_column_text css_animation=\u00a0\u00bbright-to-left\u00a0\u00bb]Apr\u00e8s l&rsquo;effort&#8230; Notre brasserie-restaurant de plus de 300 places vous accueille pour un moment de d\u00e9tente. Un en-cas rapide, un d\u00e9jeuner d&rsquo;affaires ou un repas compl\u00eat, ActiV vous propose une carte vari\u00e9e avec des ing\u00e9dients frais du jour. La pierrade est la grande sp\u00e9cialit\u00e9 d&rsquo;ActiV : 4 sortes de viandes et un buffet de frites, de p\u00e2tes et de salades raviront vos papilles! Nous vous proposons \u00a0plusieurs formules \u00ab\u00a0pierrade\u00a0\u00bb: en combinaison avec le bowling, le lasergame ou les deux. Uniquement sur r\u00e9servation.[\/vc_column_text][vc_empty_space height=\u00a0\u00bb15px\u00a0\u00bb]\t\t\t<p class=\" text-center button-p-wrap \">\n\t\t\t\t<a href=\"https:\/\/allergenen.sho-horeca.nl\/kaart\/activ_carte_d_allergenes\" class=\"button   \" target=\"\">Info Allerg\u00e8nes<\/a>\t\n\t\t\t<\/p>\n\t\t\t[\/vc_column][\/vc_row]<\/p>\n","protected":false},"excerpt":{"rendered":"<p>[vc_row full_width=\u00a0\u00bbstretch_row\u00a0\u00bb sbxs_bg_class=\u00a0\u00bbbg-light\u00a0\u00bb sbxs_headings_class=\u00a0\u00bbheadings-secondary\u00a0\u00bb sbxs_text_class=\u00a0\u00bbtext-dark\u00a0\u00bb css=\u00a0\u00bb.vc_custom_1487596665299{padding-top: 160px !important;padding-bottom: 50px !important;}\u00a0\u00bb][vc_column][vc_column_text] Brasserie-Resto \u201cLe plaisir culinaire est un sport [\/vc_column_text][\/vc_column][\/vc_row][vc_row content_placement=\u00a0\u00bbmiddle\u00a0\u00bb sbxs_bg_class=\u00a0\u00bbbg-secondary\u00a0\u00bb sbxs_headings_class=\u00a0\u00bbheadings-white\u00a0\u00bb sbxs_text_class=\u00a0\u00bbtext-white\u00a0\u00bb css=\u00a0\u00bb.vc_custom_1487596943046{margin-top: 15px !important;margin-bottom: 15px !important;}\u00a0\u00bb][vc_column width=\u00a0\u00bb3\/12&Prime;][vc_single_image image=\u00a0\u00bb1411&Prime; img_size=\u00a0\u00bbfull\u00a0\u00bb style=\u00a0\u00bbvc_box_circle\u00a0\u00bb css_animation=\u00a0\u00bbleft-to-right\u00a0\u00bb][\/vc_column][vc_column width=\u00a0\u00bb9\/12&Prime;][vc_column_text css_animation=\u00a0\u00bbright-to-left\u00a0\u00bb] Brasserie-Resto [\/vc_column_text][vc_column_text css_animation=\u00a0\u00bbright-to-left\u00a0\u00bb]Apr\u00e8s l&rsquo;effort&#8230; Notre brasserie-restaurant de plus de 300 places vous accueille pour un moment de d\u00e9tente. Un en-cas rapide,<\/p>\n","protected":false},"author":1,"featured_media":0,"parent":1534,"menu_order":0,"comment_status":"closed","ping_status":"closed","template":"","meta":{"_acf_changed":false,"footnotes":""},"class_list":["post-1537","page","type-page","status-publish","hentry"],"acf":[],"_links":{"self":[{"href":"https:\/\/activ1.be\/fr\/wp-json\/wp\/v2\/pages\/1537","targetHints":{"allow":["GET"]}}],"collection":[{"href":"https:\/\/activ1.be\/fr\/wp-json\/wp\/v2\/pages"}],"about":[{"href":"https:\/\/activ1.be\/fr\/wp-json\/wp\/v2\/types\/page"}],"author":[{"embeddable":true,"href":"https:\/\/activ1.be\/fr\/wp-json\/wp\/v2\/users\/1"}],"replies":[{"embeddable":true,"href":"https:\/\/activ1.be\/fr\/wp-json\/wp\/v2\/comments?post=1537"}],"version-history":[{"count":7,"href":"https:\/\/activ1.be\/fr\/wp-json\/wp\/v2\/pages\/1537\/revisions"}],"predecessor-version":[{"id":7220,"href":"https:\/\/activ1.be\/fr\/wp-json\/wp\/v2\/pages\/1537\/revisions\/7220"}],"up":[{"embeddable":true,"href":"https:\/\/activ1.be\/fr\/wp-json\/wp\/v2\/pages\/1534"}],"wp:attachment":[{"href":"https:\/\/activ1.be\/fr\/wp-json\/wp\/v2\/media?parent=1537"}],"curies":[{"name":"wp","href":"https:\/\/api.w.org\/{rel}","templated":true}]}}