
{"id":1535,"date":"2017-02-20T13:34:44","date_gmt":"2017-02-20T12:34:44","guid":{"rendered":"https:\/\/activ1.be\/fr\/arrangementen\/binnenspeeltuin\/"},"modified":"2021-08-01T12:51:19","modified_gmt":"2021-08-01T11:51:19","slug":"binnenspeeltuin","status":"publish","type":"page","link":"https:\/\/activ1.be\/fr\/arrangementen\/binnenspeeltuin\/","title":{"rendered":"Binnenspeeltuin"},"content":{"rendered":"<p>[vc_row full_width=\u00a0\u00bbstretch_row\u00a0\u00bb sbxs_bg_class=\u00a0\u00bbbg-light\u00a0\u00bb sbxs_headings_class=\u00a0\u00bbheadings-secondary\u00a0\u00bb sbxs_text_class=\u00a0\u00bbtext-dark\u00a0\u00bb css=\u00a0\u00bb.vc_custom_1487596665299{padding-top: 160px !important;padding-bottom: 50px !important;}\u00a0\u00bb][vc_column][vc_column_text]<\/p>\n<h2 style=\"text-align: center;\">Plaine de jeux int\u00e9rieure<\/h2>\n<p style=\"text-align: center;\">\u201cJouer sans souci\u201d<\/p>\n<p>[\/vc_column_text][\/vc_column][\/vc_row][vc_row content_placement=\u00a0\u00bbmiddle\u00a0\u00bb sbxs_bg_class=\u00a0\u00bbbg-secondary\u00a0\u00bb sbxs_headings_class=\u00a0\u00bbheadings-white\u00a0\u00bb sbxs_text_class=\u00a0\u00bbtext-white\u00a0\u00bb css=\u00a0\u00bb.vc_custom_1487596943046{margin-top: 15px !important;margin-bottom: 15px !important;}\u00a0\u00bb][vc_column width=\u00a0\u00bb3\/12&Prime;][vc_single_image image=\u00a0\u00bb1406&Prime; img_size=\u00a0\u00bbfull\u00a0\u00bb style=\u00a0\u00bbvc_box_circle\u00a0\u00bb css_animation=\u00a0\u00bbleft-to-right\u00a0\u00bb][\/vc_column][vc_column width=\u00a0\u00bb9\/12&Prime;][vc_column_text css_animation=\u00a0\u00bbright-to-left\u00a0\u00bb]<\/p>\n<h2>Plaine de jeux int\u00e9rieure<\/h2>\n<p>[\/vc_column_text][vc_column_text css_animation=\u00a0\u00bbright-to-left\u00a0\u00bb]Notre plaine de jeux int\u00e9rieure de 800 m\u00b2 vous garantit une journ\u00e9e de pur plaisir pour seulement \u20ac 5,00! Avec ses ch\u00e2teaux gonflables, ses engins d&rsquo;escalade et ses bains aux boules, ceci est l&rsquo;endroit r\u00eav\u00e9 pour tous les enfants de 1 \u00e0 12 ans.<\/p>\n<p>Les (grands) parents peuvent accompagner gratuitement leurs (petits) enfants dans la plaine de jeux. Si vous pr\u00e9f\u00e9rez les surveiller \u00e0 distance et au calme, notre caf\u00e9taria sera l&rsquo;endroit id\u00e9al. Pour les enfants qui viennent jouer souvent, la carte de 10 s\u00e9ances (\u20ac 45,00) est vivement conseill\u00e9e! Votre enfant veut f\u00eater son ANNIVERSAIRE chez ActiV? Faites votre choix parmi une de nos formules (uniquement sur r\u00e9servation): vous serez assur\u00e9 d&rsquo;une f\u00eate inoubliable et sans soucis![\/vc_column_text][\/vc_column][\/vc_row][vc_row sbxs_bg_class=\u00a0\u00bbbg-dark\u00a0\u00bb sbxs_headings_class=\u00a0\u00bbheadings-white\u00a0\u00bb sbxs_text_class=\u00a0\u00bbtext-white\u00a0\u00bb css=\u00a0\u00bb.vc_custom_1504262632216{padding-top: 50px !important;padding-bottom: 50px !important;}\u00a0\u00bb][vc_column][vc_column_text css_animation=\u00a0\u00bblightSpeedIn\u00a0\u00bb]<\/p>\n<h4 style=\"text-align: center;\"><span style=\"color: #000000;\"><strong>!!! T\u00e9lechargez les cartes d&rsquo;invitation ici pour votre f\u00eate !!!<\/strong><\/span><\/h4>\n<p>&nbsp;<\/p>\n<h4 style=\"text-align: center;\"><strong><span style=\"color: #000080;\"><a href=\"https:\/\/activ1.be\/wp-content\/uploads\/2017\/02\/Activ-Verjaardagskaart-Frans-1.pdf\" target=\"_blank\" rel=\"noopener noreferrer\">ActiV carte d&rsquo;invitation (francais)<\/a><\/span><\/strong><\/h4>\n<h4 style=\"text-align: center; padding-left: 30px;\"><span style=\"color: #000080;\"><strong><a href=\"https:\/\/activ1.be\/wp-content\/uploads\/2017\/02\/ACTIVVERJAARDAG-NL-1.pdf\" target=\"_blank\" rel=\"noopener noreferrer\">ActiV uitnodigingskaart (nederlands)<\/a><\/strong><\/span><\/h4>\n<p>&nbsp;<\/p>\n<p style=\"text-align: center;\"><em>\u00ab\u00a0S&rsquo;il vous pla\u00eet notez les horaires d&rsquo;ouverture de la plaine de jeux int\u00e9rieure\u00a0\u00bb<\/em><\/p>\n<p style=\"text-align: left; padding-left: 420px;\">Mercredi \u00a0 \u00a0 \u00a0 \u00a0 \u00a0 \u00a0 \u00a0 \u00a0 \u00a0 \u00a0 \u00a0 \u00a0de \u00a0 \u00a0 \u00a012u00\u00a0\/\/ Fermeture<\/p>\n<p style=\"text-align: left; padding-left: 420px;\">Vendredi \u00a0 \u00a0 \u00a0 \u00a0 \u00a0 \u00a0 \u00a0 \u00a0 \u00a0 \u00a0 \u00a0 \u00a0de \u00a0 \u00a0 16u00\u00a0\/\/ Fermeture<\/p>\n<p style=\"text-align: left; padding-left: 420px;\">Samedi et Dimanche \u00a0 \u00a0 \u00a0de \u00a0 \u00a0 10u00\u00a0\/\/ Fermeture<\/p>\n<p>[\/vc_column_text][\/vc_column][\/vc_row]<\/p>\n","protected":false},"excerpt":{"rendered":"<p>[vc_row full_width=\u00a0\u00bbstretch_row\u00a0\u00bb sbxs_bg_class=\u00a0\u00bbbg-light\u00a0\u00bb sbxs_headings_class=\u00a0\u00bbheadings-secondary\u00a0\u00bb sbxs_text_class=\u00a0\u00bbtext-dark\u00a0\u00bb css=\u00a0\u00bb.vc_custom_1487596665299{padding-top: 160px !important;padding-bottom: 50px !important;}\u00a0\u00bb][vc_column][vc_column_text] Plaine de jeux int\u00e9rieure \u201cJouer sans souci\u201d [\/vc_column_text][\/vc_column][\/vc_row][vc_row content_placement=\u00a0\u00bbmiddle\u00a0\u00bb sbxs_bg_class=\u00a0\u00bbbg-secondary\u00a0\u00bb sbxs_headings_class=\u00a0\u00bbheadings-white\u00a0\u00bb sbxs_text_class=\u00a0\u00bbtext-white\u00a0\u00bb css=\u00a0\u00bb.vc_custom_1487596943046{margin-top: 15px !important;margin-bottom: 15px !important;}\u00a0\u00bb][vc_column width=\u00a0\u00bb3\/12&Prime;][vc_single_image image=\u00a0\u00bb1406&Prime; img_size=\u00a0\u00bbfull\u00a0\u00bb style=\u00a0\u00bbvc_box_circle\u00a0\u00bb css_animation=\u00a0\u00bbleft-to-right\u00a0\u00bb][\/vc_column][vc_column width=\u00a0\u00bb9\/12&Prime;][vc_column_text css_animation=\u00a0\u00bbright-to-left\u00a0\u00bb] Plaine de jeux int\u00e9rieure [\/vc_column_text][vc_column_text css_animation=\u00a0\u00bbright-to-left\u00a0\u00bb]Notre plaine de jeux int\u00e9rieure de 800 m\u00b2 vous garantit une journ\u00e9e de pur plaisir pour<\/p>\n","protected":false},"author":1,"featured_media":0,"parent":1534,"menu_order":0,"comment_status":"closed","ping_status":"closed","template":"","meta":{"_acf_changed":false,"footnotes":""},"class_list":["post-1535","page","type-page","status-publish","hentry"],"acf":[],"_links":{"self":[{"href":"https:\/\/activ1.be\/fr\/wp-json\/wp\/v2\/pages\/1535","targetHints":{"allow":["GET"]}}],"collection":[{"href":"https:\/\/activ1.be\/fr\/wp-json\/wp\/v2\/pages"}],"about":[{"href":"https:\/\/activ1.be\/fr\/wp-json\/wp\/v2\/types\/page"}],"author":[{"embeddable":true,"href":"https:\/\/activ1.be\/fr\/wp-json\/wp\/v2\/users\/1"}],"replies":[{"embeddable":true,"href":"https:\/\/activ1.be\/fr\/wp-json\/wp\/v2\/comments?post=1535"}],"version-history":[{"count":24,"href":"https:\/\/activ1.be\/fr\/wp-json\/wp\/v2\/pages\/1535\/revisions"}],"predecessor-version":[{"id":5089,"href":"https:\/\/activ1.be\/fr\/wp-json\/wp\/v2\/pages\/1535\/revisions\/5089"}],"up":[{"embeddable":true,"href":"https:\/\/activ1.be\/fr\/wp-json\/wp\/v2\/pages\/1534"}],"wp:attachment":[{"href":"https:\/\/activ1.be\/fr\/wp-json\/wp\/v2\/media?parent=1535"}],"curies":[{"name":"wp","href":"https:\/\/api.w.org\/{rel}","templated":true}]}}