
{"id":10263,"date":"2024-09-01T18:08:15","date_gmt":"2024-09-01T17:08:15","guid":{"rendered":"https:\/\/activ1.be\/?page_id=10263"},"modified":"2024-09-01T18:30:34","modified_gmt":"2024-09-01T17:30:34","slug":"steengrill","status":"publish","type":"page","link":"https:\/\/activ1.be\/fr\/arrangementen\/steengrill\/","title":{"rendered":"Steengrill"},"content":{"rendered":"<p>[vc_row full_width=\u00a0\u00bbstretch_row\u00a0\u00bb sbxs_bg_class=\u00a0\u00bbbg-light\u00a0\u00bb sbxs_headings_class=\u00a0\u00bbheadings-secondary\u00a0\u00bb sbxs_text_class=\u00a0\u00bbtext-dark\u00a0\u00bb css=\u00a0\u00bb.vc_custom_1487596665299{padding-top: 160px !important;padding-bottom: 50px !important;}\u00a0\u00bb][vc_column][vc_column_text]<\/p>\n<h2 style=\"text-align: center;\">Arrangement Pierrade<\/h2>\n<h2 style=\"text-align: center;\">\u00ab\u00a0Formules sur-mesure\u00a0\u00bb<\/h2>\n<p>[\/vc_column_text][\/vc_column][\/vc_row][vc_row content_placement=\u00a0\u00bbmiddle\u00a0\u00bb sbxs_bg_class=\u00a0\u00bbbg-secondary\u00a0\u00bb sbxs_headings_class=\u00a0\u00bbheadings-white\u00a0\u00bb sbxs_text_class=\u00a0\u00bbtext-white\u00a0\u00bb css=\u00a0\u00bb.vc_custom_1487596943046{margin-top: 15px !important;margin-bottom: 15px !important;}\u00a0\u00bb][vc_column width=\u00a0\u00bb3\/12&Prime;][vc_single_image image=\u00a0\u00bb1411&Prime; img_size=\u00a0\u00bbfull\u00a0\u00bb style=\u00a0\u00bbvc_box_circle\u00a0\u00bb css_animation=\u00a0\u00bbleft-to-right\u00a0\u00bb][\/vc_column][vc_column width=\u00a0\u00bb9\/12&Prime;][vc_column_text css_animation=\u00a0\u00bbright-to-left\u00a0\u00bb]<\/p>\n<h2>Arrangement Pierrade<\/h2>\n<p>[\/vc_column_text][vc_column_text css_animation=\u00a0\u00bbright-to-left\u00a0\u00bb]<\/p>\n<div class=\"page\" title=\"Page 3\">\n<div class=\"page\" title=\"Page 3\">\n<div class=\"layoutArea\">\n<div>\n<p>Notre formule \u00ab Pierrade \u00bb est fortement recommand\u00e9e pour les familles, les groupes, les entreprises, etc. Si vous souhaitez combiner un d\u00eener avec une activit\u00e9 sportive (bowling et\/ou lasergame).<\/p>\n<p>4 types de viande sont servis, un vaste bar \u00e0 salades, diverses p\u00e2tes, du riz et 4 sauces. Les frites sont toujours fournies.<\/p>\n<p>Vous pouvez vous amuser sur huit pistes de bowling professionnelles dans un environment au top pendant une heure et demie\u00a0 \u00a0 \u00a0 \u00a0 \u00a0 \u00a0 \u00a0 \u00a0 \u00a0 \u00a0 \u00a0(6 personnes par piste).<\/p>\n<p>Arm\u00e9 d\u2019un PISTOLET-LASER et \u00e9quip\u00e9 d\u2019une veste \u00e0 d\u00e9tecteurs, vous vous engagez dans une LABYRINTHE \u00e0 la recherche de vos adversaires. Les effects sp\u00e9ciaux (son, lumi\u00e8re) feront de cette activit\u00e9 de groupe un moment passionant pour tous les \u00e2ges!<\/p>\n<p>***Uniquement sur r\u00e9servation par t\u00e9l\u00e9phone***<\/p>\n<p>Les prix peuvent \u00eatre trouv\u00e9s \u00e0 la page Tarifs.<\/p>\n<\/div>\n<\/div>\n<\/div>\n<\/div>\n<p>[\/vc_column_text][\/vc_column][\/vc_row]<\/p>\n","protected":false},"excerpt":{"rendered":"<p>[vc_row full_width=\u00a0\u00bbstretch_row\u00a0\u00bb sbxs_bg_class=\u00a0\u00bbbg-light\u00a0\u00bb sbxs_headings_class=\u00a0\u00bbheadings-secondary\u00a0\u00bb sbxs_text_class=\u00a0\u00bbtext-dark\u00a0\u00bb css=\u00a0\u00bb.vc_custom_1487596665299{padding-top: 160px !important;padding-bottom: 50px !important;}\u00a0\u00bb][vc_column][vc_column_text] Arrangement Pierrade \u00ab\u00a0Formules sur-mesure\u00a0\u00bb [\/vc_column_text][\/vc_column][\/vc_row][vc_row content_placement=\u00a0\u00bbmiddle\u00a0\u00bb sbxs_bg_class=\u00a0\u00bbbg-secondary\u00a0\u00bb sbxs_headings_class=\u00a0\u00bbheadings-white\u00a0\u00bb sbxs_text_class=\u00a0\u00bbtext-white\u00a0\u00bb css=\u00a0\u00bb.vc_custom_1487596943046{margin-top: 15px !important;margin-bottom: 15px !important;}\u00a0\u00bb][vc_column width=\u00a0\u00bb3\/12&Prime;][vc_single_image image=\u00a0\u00bb1411&Prime; img_size=\u00a0\u00bbfull\u00a0\u00bb style=\u00a0\u00bbvc_box_circle\u00a0\u00bb css_animation=\u00a0\u00bbleft-to-right\u00a0\u00bb][\/vc_column][vc_column width=\u00a0\u00bb9\/12&Prime;][vc_column_text css_animation=\u00a0\u00bbright-to-left\u00a0\u00bb] Arrangement Pierrade [\/vc_column_text][vc_column_text css_animation=\u00a0\u00bbright-to-left\u00a0\u00bb] Notre formule \u00ab Pierrade \u00bb est fortement recommand\u00e9e pour les familles, les groupes, les entreprises, etc. Si vous souhaitez combiner<\/p>\n","protected":false},"author":4,"featured_media":0,"parent":1534,"menu_order":0,"comment_status":"closed","ping_status":"closed","template":"","meta":{"_acf_changed":false,"footnotes":""},"class_list":["post-10263","page","type-page","status-publish","hentry"],"acf":[],"_links":{"self":[{"href":"https:\/\/activ1.be\/fr\/wp-json\/wp\/v2\/pages\/10263","targetHints":{"allow":["GET"]}}],"collection":[{"href":"https:\/\/activ1.be\/fr\/wp-json\/wp\/v2\/pages"}],"about":[{"href":"https:\/\/activ1.be\/fr\/wp-json\/wp\/v2\/types\/page"}],"author":[{"embeddable":true,"href":"https:\/\/activ1.be\/fr\/wp-json\/wp\/v2\/users\/4"}],"replies":[{"embeddable":true,"href":"https:\/\/activ1.be\/fr\/wp-json\/wp\/v2\/comments?post=10263"}],"version-history":[{"count":5,"href":"https:\/\/activ1.be\/fr\/wp-json\/wp\/v2\/pages\/10263\/revisions"}],"predecessor-version":[{"id":10277,"href":"https:\/\/activ1.be\/fr\/wp-json\/wp\/v2\/pages\/10263\/revisions\/10277"}],"up":[{"embeddable":true,"href":"https:\/\/activ1.be\/fr\/wp-json\/wp\/v2\/pages\/1534"}],"wp:attachment":[{"href":"https:\/\/activ1.be\/fr\/wp-json\/wp\/v2\/media?parent=10263"}],"curies":[{"name":"wp","href":"https:\/\/api.w.org\/{rel}","templated":true}]}}